{"id":2990,"date":"2024-01-30T14:42:34","date_gmt":"2024-01-30T13:42:34","guid":{"rendered":"https:\/\/casascostacalida.com\/politique-de-confidentialite\/"},"modified":"2024-10-28T14:34:48","modified_gmt":"2024-10-28T13:34:48","slug":"politique-de-confidentialite","status":"publish","type":"page","link":"https:\/\/casascostacalida.com\/fr\/politique-de-confidentialite\/","title":{"rendered":"Politique de confidentialit\u00e9"},"content":{"rendered":"\t\t<div data-elementor-type=\"wp-page\" data-elementor-id=\"2990\" class=\"elementor elementor-2990 elementor-3\" data-elementor-post-type=\"page\">\n\t\t\t\t\t\t<section class=\"elementor-section elementor-top-section elementor-element elementor-element-f5646cf elementor-section-boxed elementor-section-height-default elementor-section-height-default\" data-id=\"f5646cf\" data-element_type=\"section\" data-e-type=\"section\" data-settings=\"{&quot;background_background&quot;:&quot;classic&quot;}\">\n\t\t\t\t\t\t\t<div class=\"elementor-background-overlay\"><\/div>\n\t\t\t\t\t\t\t<div class=\"elementor-container elementor-column-gap-default\">\n\t\t\t\t\t<div class=\"elementor-column elementor-col-100 elementor-top-column elementor-element elementor-element-bf8deb7\" data-id=\"bf8deb7\" data-element_type=\"column\" data-e-type=\"column\">\n\t\t\t<div class=\"elementor-widget-wrap elementor-element-populated\">\n\t\t\t\t\t\t\t<\/div>\n\t\t<\/div>\n\t\t\t\t\t<\/div>\n\t\t<\/section>\n\t\t\t\t<section class=\"elementor-section elementor-top-section elementor-element elementor-element-9219988 elementor-section-boxed elementor-section-height-default elementor-section-height-default\" data-id=\"9219988\" data-element_type=\"section\" data-e-type=\"section\" data-settings=\"{&quot;background_background&quot;:&quot;classic&quot;}\">\n\t\t\t\t\t\t<div class=\"elementor-container elementor-column-gap-default\">\n\t\t\t\t\t<div class=\"elementor-column elementor-col-100 elementor-top-column elementor-element elementor-element-318c1ae\" data-id=\"318c1ae\" data-element_type=\"column\" data-e-type=\"column\">\n\t\t\t<div class=\"elementor-widget-wrap elementor-element-populated\">\n\t\t\t\t\t\t<div class=\"elementor-element elementor-element-65192ac elementor-icon-list--layout-inline elementor-align-center elementor-list-item-link-full_width elementor-widget elementor-widget-icon-list\" data-id=\"65192ac\" data-element_type=\"widget\" data-e-type=\"widget\" data-widget_type=\"icon-list.default\">\n\t\t\t\t<div class=\"elementor-widget-container\">\n\t\t\t\t\t\t\t<ul class=\"elementor-icon-list-items elementor-inline-items\">\n\t\t\t\t\t\t\t<li class=\"elementor-icon-list-item elementor-inline-item\">\n\t\t\t\t\t\t\t\t\t\t\t<a href=\"https:\/\/casascostacalida.com\/fr\/\">\n\n\t\t\t\t\t\t\t\t\t\t\t<span class=\"elementor-icon-list-text\">Accueil<\/span>\n\t\t\t\t\t\t\t\t\t\t\t<\/a>\n\t\t\t\t\t\t\t\t\t<\/li>\n\t\t\t\t\t\t\t\t<li class=\"elementor-icon-list-item elementor-inline-item\">\n\t\t\t\t\t\t\t\t\t\t<span class=\"elementor-icon-list-text\"><\/span>\n\t\t\t\t\t\t\t\t\t<\/li>\n\t\t\t\t\t\t<\/ul>\n\t\t\t\t\t\t<\/div>\n\t\t\t\t<\/div>\n\t\t\t\t\t<\/div>\n\t\t<\/div>\n\t\t\t\t\t<\/div>\n\t\t<\/section>\n\t\t\t\t<section class=\"elementor-section elementor-top-section elementor-element elementor-element-1d2c950 elementor-section-boxed elementor-section-height-default elementor-section-height-default\" data-id=\"1d2c950\" data-element_type=\"section\" data-e-type=\"section\">\n\t\t\t\t\t\t<div class=\"elementor-container elementor-column-gap-default\">\n\t\t\t\t\t<div class=\"elementor-column elementor-col-100 elementor-top-column elementor-element elementor-element-dfb9723\" data-id=\"dfb9723\" data-element_type=\"column\" data-e-type=\"column\">\n\t\t\t<div class=\"elementor-widget-wrap elementor-element-populated\">\n\t\t\t\t\t\t<div class=\"elementor-element elementor-element-4562180 elementor-widget elementor-widget-text-editor\" data-id=\"4562180\" data-element_type=\"widget\" data-e-type=\"widget\" data-widget_type=\"text-editor.default\">\n\t\t\t\t<div class=\"elementor-widget-container\">\n\t\t\t\t\t\t\t\t\t<p><strong>Derni\u00e8re mise \u00e0 jour : 28\/10\/2024<\/strong><\/p>\n<p>Casas Costacalida respecte la vie priv\u00e9e de ses utilisateurs et s&rsquo;engage \u00e0 prot\u00e9ger vos donn\u00e9es personnelles. Dans cette politique de confidentialit\u00e9, nous expliquons quelles donn\u00e9es nous recueillons, pourquoi nous les recueillons et comment nous les traitons. <\/p>\n<h3>1. Collecte de donn\u00e9es \u00e0 caract\u00e8re personnel<\/h3>\n<p>Nous recueillons des donn\u00e9es \u00e0 caract\u00e8re personnel lorsque vous visitez notre site web, utilisez nos services ou nous contactez par le biais des formulaires figurant sur notre site web.<\/p>\n<p><strong>Les donn\u00e9es que nous recueillons par le biais de formulaires sur le site web :<\/strong><\/p>\n<ul>\n<li>Nom<\/li>\n<li>Adresse \u00e9lectronique<\/li>\n<li>Num\u00e9ro de t\u00e9l\u00e9phone<\/li>\n<li>Toute information suppl\u00e9mentaire que vous fournissez vous-m\u00eame<\/li>\n<\/ul>\n<h3>2. Utiliser Google Analytics et Google Search Console<\/h3>\n<p>Pour am\u00e9liorer notre site web, nous utilisons Google Analytics et Google Search Console. Ces services analysent le trafic sur le site web et nous donnent un aper\u00e7u de la mani\u00e8re dont les visiteurs utilisent notre site web. Google Analytics utilise des \u00ab\u00a0cookies\u00a0\u00bb pour collecter des informations sur l&rsquo;activit\u00e9 des utilisateurs, telles que les pages visit\u00e9es et le temps pass\u00e9 sur une page.  <\/p>\n<p><strong>Donn\u00e9es collect\u00e9es par Google Analytics :<\/strong><\/p>\n<ul>\n<li>Adresse IP (anonyme)<\/li>\n<li>D\u00e9tails de la localisation (ville\/r\u00e9gion)<\/li>\n<li>Pages visit\u00e9es et dur\u00e9e des visites<\/li>\n<li>Type d&rsquo;appareil, de navigateur et de syst\u00e8me d&rsquo;exploitation<\/li>\n<\/ul>\n<p><strong><br><\/strong><br>P<strong>ourquoi nous collectons ces donn\u00e9es :<\/strong> Nous utilisons les donn\u00e9es collect\u00e9es via Google Analytics et Google Search Console pour optimiser notre site web et nos activit\u00e9s de marketing. Ces donn\u00e9es sont anonymes et ne permettent pas d&rsquo;identifier les visiteurs individuels.<strong><\/strong> <\/p>\n<h3>3. Objectifs de la collecte de donn\u00e9es<\/h3>\n<p>Nous utilisons les donn\u00e9es collect\u00e9es aux fins suivantes :<\/p>\n<ul>\n<li>Pour vous contacter en r\u00e9ponse \u00e0 des questions ou des demandes que vous avez soumises par le biais de nos formulaires.<\/li>\n<li>Am\u00e9liorer l&rsquo;exp\u00e9rience de l&rsquo;utilisateur et la performance de notre site web.<\/li>\n<li>\u00e0 des fins d&rsquo;analyse statistique afin de mieux adapter nos offres \u00e0 nos utilisateurs.<\/li>\n<\/ul>\n<h3>4. Partage des donn\u00e9es \u00e0 caract\u00e8re personnel<\/h3>\n<p>Nous ne partageons pas vos donn\u00e9es avec des tiers, \u00e0 moins que cela ne soit n\u00e9cessaire \u00e0 l&rsquo;ex\u00e9cution de nos services ou au respect d&rsquo;une obligation l\u00e9gale.<\/p>\n<h3>5. Cookies<\/h3>\n<p>Notre site web utilise des cookies pour collecter des informations sur l&rsquo;activit\u00e9 des visiteurs. Pour Google Analytics, nous utilisons des cookies anonymes pour fournir une analyse statistique du trafic sur le site. Vous pouvez d\u00e9sactiver le stockage des cookies via les param\u00e8tres de votre navigateur, mais cela peut limiter la fonctionnalit\u00e9 de notre site web.  <\/p>\n<h3>6. S\u00e9curit\u00e9 des donn\u00e9es<\/h3>\n<p>Nous prenons des mesures appropri\u00e9es pour prot\u00e9ger vos donn\u00e9es personnelles contre l&rsquo;acc\u00e8s non autoris\u00e9, la perte ou le vol. Notre site web et nos serveurs sont s\u00e9curis\u00e9s \u00e0 l&rsquo;aide des technologies les plus r\u00e9centes afin de garantir la s\u00e9curit\u00e9 de vos donn\u00e9es. <\/p>\n<h3>7. P\u00e9riode de conservation<\/h3>\n<p>Nous ne conserverons pas vos donn\u00e9es plus longtemps que ce qui est n\u00e9cessaire aux fins susmentionn\u00e9es ou que ce qui est requis par la loi.<\/p>\n<h3>8. Vos droits<\/h3>\n<p>Vous avez le droit d&rsquo;acc\u00e9der \u00e0 vos donn\u00e9es personnelles, de les corriger ou de les supprimer. En outre, vous pouvez vous opposer \u00e0 l&rsquo;utilisation de vos donn\u00e9es \u00e0 des fins de marketing et vous avez le droit \u00e0 la portabilit\u00e9 des donn\u00e9es. <\/p>\n<p>Pour exercer ces droits, veuillez nous contacter en utilisant les coordonn\u00e9es ci-dessous.<\/p>\n<h3>9. Modifications de la politique de confidentialit\u00e9<\/h3>\n<p>Cette politique de confidentialit\u00e9 peut \u00eatre mise \u00e0 jour pour refl\u00e9ter des changements dans notre traitement des donn\u00e9es ou dans la l\u00e9gislation pertinente. Nous vous encourageons \u00e0 consulter r\u00e9guli\u00e8rement notre politique de confidentialit\u00e9. <\/p>\n<h3>10. Contact<\/h3>\n<p>Pour toute question concernant la pr\u00e9sente politique de confidentialit\u00e9 ou le traitement des donn\u00e9es, veuillez nous contacter \u00e0 l&rsquo;adresse suivante :<\/p>\n<ul>\n<li>Courriel : <a rel=\"noopener\">info@casascostacalida.com<\/a><\/li>\n<li>T\u00e9l\u00e9phone : +316 21 27 14 14<\/li>\n<\/ul>\t\t\t\t\t\t\t\t<\/div>\n\t\t\t\t<\/div>\n\t\t\t\t\t<\/div>\n\t\t<\/div>\n\t\t\t\t\t<\/div>\n\t\t<\/section>\n\t\t\t\t<section class=\"elementor-section elementor-top-section elementor-element elementor-element-ffffea1 elementor-section-boxed elementor-section-height-default elementor-section-height-default\" data-id=\"ffffea1\" data-element_type=\"section\" data-e-type=\"section\" data-settings=\"{&quot;background_background&quot;:&quot;classic&quot;}\">\n\t\t\t\t\t\t\t<div class=\"elementor-background-overlay\"><\/div>\n\t\t\t\t\t\t\t<div class=\"elementor-container elementor-column-gap-default\">\n\t\t\t\t\t<div class=\"elementor-column elementor-col-100 elementor-top-column elementor-element elementor-element-5a10717\" data-id=\"5a10717\" data-element_type=\"column\" data-e-type=\"column\">\n\t\t\t<div class=\"elementor-widget-wrap elementor-element-populated\">\n\t\t\t\t\t\t<div class=\"elementor-element elementor-element-a969941 elementor-widget elementor-widget-heading\" data-id=\"a969941\" data-element_type=\"widget\" data-e-type=\"widget\" data-widget_type=\"heading.default\">\n\t\t\t\t<div class=\"elementor-widget-container\">\n\t\t\t\t\t<h2 class=\"elementor-heading-title elementor-size-default\">Profitez de vacances parfaites<\/h2>\t\t\t\t<\/div>\n\t\t\t\t<\/div>\n\t\t\t\t<div class=\"elementor-element elementor-element-8d7b74f elementor-widget elementor-widget-text-editor\" data-id=\"8d7b74f\" data-element_type=\"widget\" data-e-type=\"widget\" data-widget_type=\"text-editor.default\">\n\t\t\t\t<div class=\"elementor-widget-container\">\n\t\t\t\t\t\t\t\t\t<p>D\u00e9couvrez nos magnifiques maisons de vacances et passez un moment inoubliable \u00e0 Mazarr\u00f3n. Chaque maison offre des \u00e9quipements uniques et un emplacement id\u00e9al pour un s\u00e9jour relaxant. <\/p>\n\t\t\t\t\t\t\t\t<\/div>\n\t\t\t\t<\/div>\n\t\t\t\t<div class=\"elementor-element elementor-element-23aa5a0 elementor-widget__width-auto elementor-mobile-align-justify elementor-widget-mobile__width-inherit elementor-widget elementor-widget-button\" data-id=\"23aa5a0\" data-element_type=\"widget\" data-e-type=\"widget\" data-widget_type=\"button.default\">\n\t\t\t\t<div class=\"elementor-widget-container\">\n\t\t\t\t\t\t\t\t\t<div class=\"elementor-button-wrapper\">\n\t\t\t\t\t<a class=\"elementor-button elementor-button-link elementor-size-md\" href=\"#\">\n\t\t\t\t\t\t<span class=\"elementor-button-content-wrapper\">\n\t\t\t\t\t\t\t\t\t<span class=\"elementor-button-text\">Voir les tarifs<\/span>\n\t\t\t\t\t<\/span>\n\t\t\t\t\t<\/a>\n\t\t\t\t<\/div>\n\t\t\t\t\t\t\t\t<\/div>\n\t\t\t\t<\/div>\n\t\t\t\t<div class=\"elementor-element elementor-element-c4eb56d elementor-widget__width-auto elementor-mobile-align-justify elementor-widget-mobile__width-inherit elementor-widget elementor-widget-button\" data-id=\"c4eb56d\" data-element_type=\"widget\" data-e-type=\"widget\" data-widget_type=\"button.default\">\n\t\t\t\t<div class=\"elementor-widget-container\">\n\t\t\t\t\t\t\t\t\t<div class=\"elementor-button-wrapper\">\n\t\t\t\t\t<a class=\"elementor-button elementor-button-link elementor-size-md\" href=\"#\">\n\t\t\t\t\t\t<span class=\"elementor-button-content-wrapper\">\n\t\t\t\t\t\t\t\t\t<span class=\"elementor-button-text\">R\u00e9servez d\u00e8s maintenant<\/span>\n\t\t\t\t\t<\/span>\n\t\t\t\t\t<\/a>\n\t\t\t\t<\/div>\n\t\t\t\t\t\t\t\t<\/div>\n\t\t\t\t<\/div>\n\t\t\t\t\t<\/div>\n\t\t<\/div>\n\t\t\t\t\t<\/div>\n\t\t<\/section>\n\t\t\t\t<\/div>\n\t\t","protected":false},"excerpt":{"rendered":"<p>Accueil Derni\u00e8re mise \u00e0 jour : 28\/10\/2024 Casas Costacalida respecte la vie priv\u00e9e de ses utilisateurs et s&rsquo;engage \u00e0 prot\u00e9ger vos donn\u00e9es personnelles. Dans cette politique de confidentialit\u00e9, nous expliquons quelles donn\u00e9es nous recueillons, pourquoi nous les recueillons et comment nous les traitons. 1. Collecte de donn\u00e9es \u00e0 caract\u00e8re personnel Nous recueillons des donn\u00e9es \u00e0 [&hellip;]<\/p>\n","protected":false},"author":1,"featured_media":0,"parent":0,"menu_order":0,"comment_status":"closed","ping_status":"closed","template":"","meta":{"footnotes":""},"class_list":["post-2990","page","type-page","status-publish","hentry"],"_links":{"self":[{"href":"https:\/\/casascostacalida.com\/fr\/wp-json\/wp\/v2\/pages\/2990","targetHints":{"allow":["GET"]}}],"collection":[{"href":"https:\/\/casascostacalida.com\/fr\/wp-json\/wp\/v2\/pages"}],"about":[{"href":"https:\/\/casascostacalida.com\/fr\/wp-json\/wp\/v2\/types\/page"}],"author":[{"embeddable":true,"href":"https:\/\/casascostacalida.com\/fr\/wp-json\/wp\/v2\/users\/1"}],"replies":[{"embeddable":true,"href":"https:\/\/casascostacalida.com\/fr\/wp-json\/wp\/v2\/comments?post=2990"}],"version-history":[{"count":1,"href":"https:\/\/casascostacalida.com\/fr\/wp-json\/wp\/v2\/pages\/2990\/revisions"}],"predecessor-version":[{"id":2991,"href":"https:\/\/casascostacalida.com\/fr\/wp-json\/wp\/v2\/pages\/2990\/revisions\/2991"}],"wp:attachment":[{"href":"https:\/\/casascostacalida.com\/fr\/wp-json\/wp\/v2\/media?parent=2990"}],"curies":[{"name":"wp","href":"https:\/\/api.w.org\/{rel}","templated":true}]}}