{"id":2915,"date":"2024-07-09T13:40:45","date_gmt":"2024-07-09T11:40:45","guid":{"rendered":"https:\/\/casascostacalida.com\/tarifs\/"},"modified":"2024-10-28T14:34:35","modified_gmt":"2024-10-28T13:34:35","slug":"tarifs","status":"publish","type":"page","link":"https:\/\/casascostacalida.com\/fr\/tarifs\/","title":{"rendered":"Tarifs"},"content":{"rendered":"\t\t<div data-elementor-type=\"wp-page\" data-elementor-id=\"2915\" class=\"elementor elementor-2915 elementor-2902\" data-elementor-post-type=\"page\">\n\t\t\t\t\t\t<section class=\"elementor-section elementor-top-section elementor-element elementor-element-4fa90094 elementor-section-boxed elementor-section-height-default elementor-section-height-default\" data-id=\"4fa90094\" data-element_type=\"section\" data-e-type=\"section\" data-settings=\"{&quot;background_background&quot;:&quot;classic&quot;}\">\n\t\t\t\t\t\t\t<div class=\"elementor-background-overlay\"><\/div>\n\t\t\t\t\t\t\t<div class=\"elementor-container elementor-column-gap-default\">\n\t\t\t\t\t<div class=\"elementor-column elementor-col-100 elementor-top-column elementor-element elementor-element-1fa22522\" data-id=\"1fa22522\" data-element_type=\"column\" data-e-type=\"column\">\n\t\t\t<div class=\"elementor-widget-wrap elementor-element-populated\">\n\t\t\t\t\t\t\t<\/div>\n\t\t<\/div>\n\t\t\t\t\t<\/div>\n\t\t<\/section>\n\t\t\t\t<section class=\"elementor-section elementor-top-section elementor-element elementor-element-2810bcb2 elementor-section-boxed elementor-section-height-default elementor-section-height-default\" data-id=\"2810bcb2\" data-element_type=\"section\" data-e-type=\"section\">\n\t\t\t\t\t\t<div class=\"elementor-container elementor-column-gap-default\">\n\t\t\t\t\t<div class=\"elementor-column elementor-col-100 elementor-top-column elementor-element elementor-element-ad08fef\" data-id=\"ad08fef\" data-element_type=\"column\" data-e-type=\"column\">\n\t\t\t<div class=\"elementor-widget-wrap elementor-element-populated\">\n\t\t\t\t\t\t<div class=\"elementor-element elementor-element-37ce045a elementor-widget elementor-widget-text-editor\" data-id=\"37ce045a\" data-element_type=\"widget\" data-e-type=\"widget\" data-widget_type=\"text-editor.default\">\n\t\t\t\t<div class=\"elementor-widget-container\">\n\t\t\t\t\t\t\t\t\t<p>Prix de location par semaine (bas\u00e9 sur les prix de notre capriccio), y compris les frais de nettoyage.<\/p>\n<table class=\"t1\">\n<tbody>\n<tr>\n<td class=\"td1\" valign=\"top\">\n<p class=\"p1 ContentPasted0\">Janvier &#8211; avril : 614<\/p>\n<\/td>\n<\/tr>\n<tr>\n<td class=\"td1\" valign=\"top\">\n<p class=\"p1 ContentPasted0\">Mai &#8211; 24 juin : \u20ac665<\/p>\n<\/td>\n<\/tr>\n<tr>\n<td class=\"td1\" valign=\"top\">\n<p class=\"p1 ContentPasted0\">25 juin &#8211; 15 juillet : 1005<\/p>\n<\/td>\n<\/tr>\n<tr>\n<td class=\"td1\" valign=\"top\">\n<p class=\"p1 ContentPasted0\">16 juillet &#8211; 20 ao\u00fbt : 1105<\/p>\n<\/td>\n<\/tr>\n<tr>\n<td class=\"td1\" valign=\"top\">\n<p class=\"p1 ContentPasted0\">21 ao\u00fbt &#8211; 17 septembre : 1005<\/p>\n<\/td>\n<\/tr>\n<tr>\n<td class=\"td1\" valign=\"top\">\n<p class=\"p1 ContentPasted0\">18 septembre &#8211; 28 octobre : 665<\/p>\n<\/td>\n<\/tr>\n<tr>\n<td class=\"td1\" valign=\"top\">\n<p class=\"p1 ContentPasted0\">29 octobre &#8211; 31 d\u00e9cembre : 614<\/p>\n<\/td>\n<\/tr>\n<\/tbody>\n<\/table>\n<p><i>Acompte payable \u00e0 la confirmation 50% et solde 1 mois avant la date d&rsquo;arriv\u00e9e.<\/i><\/p>\n<h3>Co\u00fbts suppl\u00e9mentaires :<\/h3>\n<ul>\n<li>Internet : 10 \u20ac par semaine<\/li>\n<\/ul>\t\t\t\t\t\t\t\t<\/div>\n\t\t\t\t<\/div>\n\t\t\t\t\t<\/div>\n\t\t<\/div>\n\t\t\t\t\t<\/div>\n\t\t<\/section>\n\t\t\t\t<section class=\"elementor-section elementor-top-section elementor-element elementor-element-543db9b5 elementor-section-boxed elementor-section-height-default elementor-section-height-default\" data-id=\"543db9b5\" data-element_type=\"section\" data-e-type=\"section\" data-settings=\"{&quot;background_background&quot;:&quot;classic&quot;}\">\n\t\t\t\t\t\t\t<div class=\"elementor-background-overlay\"><\/div>\n\t\t\t\t\t\t\t<div class=\"elementor-container elementor-column-gap-default\">\n\t\t\t\t\t<div class=\"elementor-column elementor-col-100 elementor-top-column elementor-element elementor-element-8d8db12\" data-id=\"8d8db12\" data-element_type=\"column\" data-e-type=\"column\">\n\t\t\t<div class=\"elementor-widget-wrap elementor-element-populated\">\n\t\t\t\t\t\t<div class=\"elementor-element elementor-element-cb36bd elementor-widget elementor-widget-heading\" data-id=\"cb36bd\" data-element_type=\"widget\" data-e-type=\"widget\" data-widget_type=\"heading.default\">\n\t\t\t\t<div class=\"elementor-widget-container\">\n\t\t\t\t\t<h2 class=\"elementor-heading-title elementor-size-default\">Profitez de vacances parfaites<\/h2>\t\t\t\t<\/div>\n\t\t\t\t<\/div>\n\t\t\t\t<div class=\"elementor-element elementor-element-82c4282 elementor-widget elementor-widget-text-editor\" data-id=\"82c4282\" data-element_type=\"widget\" data-e-type=\"widget\" data-widget_type=\"text-editor.default\">\n\t\t\t\t<div class=\"elementor-widget-container\">\n\t\t\t\t\t\t\t\t\t<p>D\u00e9couvrez nos magnifiques maisons de vacances et passez un moment inoubliable \u00e0 Mazarr\u00f3n. Chaque maison offre des \u00e9quipements uniques et un emplacement id\u00e9al pour un s\u00e9jour relaxant. <\/p>\n\t\t\t\t\t\t\t\t<\/div>\n\t\t\t\t<\/div>\n\t\t\t\t<div class=\"elementor-element elementor-element-2666112f elementor-widget__width-auto elementor-mobile-align-justify elementor-widget-mobile__width-inherit elementor-widget elementor-widget-button\" data-id=\"2666112f\" data-element_type=\"widget\" data-e-type=\"widget\" data-widget_type=\"button.default\">\n\t\t\t\t<div class=\"elementor-widget-container\">\n\t\t\t\t\t\t\t\t\t<div class=\"elementor-button-wrapper\">\n\t\t\t\t\t<a class=\"elementor-button elementor-button-link elementor-size-md\" href=\"#\">\n\t\t\t\t\t\t<span class=\"elementor-button-content-wrapper\">\n\t\t\t\t\t\t\t\t\t<span class=\"elementor-button-text\">Voir les tarifs<\/span>\n\t\t\t\t\t<\/span>\n\t\t\t\t\t<\/a>\n\t\t\t\t<\/div>\n\t\t\t\t\t\t\t\t<\/div>\n\t\t\t\t<\/div>\n\t\t\t\t<div class=\"elementor-element elementor-element-581a4372 elementor-widget__width-auto elementor-mobile-align-justify elementor-widget-mobile__width-inherit elementor-widget elementor-widget-button\" data-id=\"581a4372\" data-element_type=\"widget\" data-e-type=\"widget\" data-widget_type=\"button.default\">\n\t\t\t\t<div class=\"elementor-widget-container\">\n\t\t\t\t\t\t\t\t\t<div class=\"elementor-button-wrapper\">\n\t\t\t\t\t<a class=\"elementor-button elementor-button-link elementor-size-md\" href=\"#\">\n\t\t\t\t\t\t<span class=\"elementor-button-content-wrapper\">\n\t\t\t\t\t\t\t\t\t<span class=\"elementor-button-text\">R\u00e9servez d\u00e8s maintenant<\/span>\n\t\t\t\t\t<\/span>\n\t\t\t\t\t<\/a>\n\t\t\t\t<\/div>\n\t\t\t\t\t\t\t\t<\/div>\n\t\t\t\t<\/div>\n\t\t\t\t\t<\/div>\n\t\t<\/div>\n\t\t\t\t\t<\/div>\n\t\t<\/section>\n\t\t\t\t<\/div>\n\t\t","protected":false},"excerpt":{"rendered":"<p>Prix de location par semaine (bas\u00e9 sur les prix de notre capriccio), y compris les frais de nettoyage. Janvier &#8211; avril : 614 Mai &#8211; 24 juin : \u20ac665 25 juin &#8211; 15 juillet : 1005 16 juillet &#8211; 20 ao\u00fbt : 1105 21 ao\u00fbt &#8211; 17 septembre : 1005 18 septembre &#8211; 28 octobre [&hellip;]<\/p>\n","protected":false},"author":1,"featured_media":0,"parent":0,"menu_order":0,"comment_status":"closed","ping_status":"closed","template":"","meta":{"footnotes":""},"class_list":["post-2915","page","type-page","status-publish","hentry"],"_links":{"self":[{"href":"https:\/\/casascostacalida.com\/fr\/wp-json\/wp\/v2\/pages\/2915","targetHints":{"allow":["GET"]}}],"collection":[{"href":"https:\/\/casascostacalida.com\/fr\/wp-json\/wp\/v2\/pages"}],"about":[{"href":"https:\/\/casascostacalida.com\/fr\/wp-json\/wp\/v2\/types\/page"}],"author":[{"embeddable":true,"href":"https:\/\/casascostacalida.com\/fr\/wp-json\/wp\/v2\/users\/1"}],"replies":[{"embeddable":true,"href":"https:\/\/casascostacalida.com\/fr\/wp-json\/wp\/v2\/comments?post=2915"}],"version-history":[{"count":1,"href":"https:\/\/casascostacalida.com\/fr\/wp-json\/wp\/v2\/pages\/2915\/revisions"}],"predecessor-version":[{"id":2920,"href":"https:\/\/casascostacalida.com\/fr\/wp-json\/wp\/v2\/pages\/2915\/revisions\/2920"}],"wp:attachment":[{"href":"https:\/\/casascostacalida.com\/fr\/wp-json\/wp\/v2\/media?parent=2915"}],"curies":[{"name":"wp","href":"https:\/\/api.w.org\/{rel}","templated":true}]}}