{"id":2992,"date":"2024-01-30T14:42:34","date_gmt":"2024-01-30T13:42:34","guid":{"rendered":"https:\/\/casascostacalida.com\/politica-de-privacidad\/"},"modified":"2024-10-28T14:34:48","modified_gmt":"2024-10-28T13:34:48","slug":"politica-de-privacidad","status":"publish","type":"page","link":"https:\/\/casascostacalida.com\/es\/politica-de-privacidad\/","title":{"rendered":"Pol\u00edtica de privacidad"},"content":{"rendered":"\t\t<div data-elementor-type=\"wp-page\" data-elementor-id=\"2992\" class=\"elementor elementor-2992 elementor-3\" data-elementor-post-type=\"page\">\n\t\t\t\t\t\t<section class=\"elementor-section elementor-top-section elementor-element elementor-element-f5646cf elementor-section-boxed elementor-section-height-default elementor-section-height-default\" data-id=\"f5646cf\" data-element_type=\"section\" data-e-type=\"section\" data-settings=\"{&quot;background_background&quot;:&quot;classic&quot;}\">\n\t\t\t\t\t\t\t<div class=\"elementor-background-overlay\"><\/div>\n\t\t\t\t\t\t\t<div class=\"elementor-container elementor-column-gap-default\">\n\t\t\t\t\t<div class=\"elementor-column elementor-col-100 elementor-top-column elementor-element elementor-element-bf8deb7\" data-id=\"bf8deb7\" data-element_type=\"column\" data-e-type=\"column\">\n\t\t\t<div class=\"elementor-widget-wrap elementor-element-populated\">\n\t\t\t\t\t\t\t<\/div>\n\t\t<\/div>\n\t\t\t\t\t<\/div>\n\t\t<\/section>\n\t\t\t\t<section class=\"elementor-section elementor-top-section elementor-element elementor-element-9219988 elementor-section-boxed elementor-section-height-default elementor-section-height-default\" data-id=\"9219988\" data-element_type=\"section\" data-e-type=\"section\" data-settings=\"{&quot;background_background&quot;:&quot;classic&quot;}\">\n\t\t\t\t\t\t<div class=\"elementor-container elementor-column-gap-default\">\n\t\t\t\t\t<div class=\"elementor-column elementor-col-100 elementor-top-column elementor-element elementor-element-318c1ae\" data-id=\"318c1ae\" data-element_type=\"column\" data-e-type=\"column\">\n\t\t\t<div class=\"elementor-widget-wrap elementor-element-populated\">\n\t\t\t\t\t\t<div class=\"elementor-element elementor-element-65192ac elementor-icon-list--layout-inline elementor-align-center elementor-list-item-link-full_width elementor-widget elementor-widget-icon-list\" data-id=\"65192ac\" data-element_type=\"widget\" data-e-type=\"widget\" data-widget_type=\"icon-list.default\">\n\t\t\t\t<div class=\"elementor-widget-container\">\n\t\t\t\t\t\t\t<ul class=\"elementor-icon-list-items elementor-inline-items\">\n\t\t\t\t\t\t\t<li class=\"elementor-icon-list-item elementor-inline-item\">\n\t\t\t\t\t\t\t\t\t\t\t<a href=\"https:\/\/casascostacalida.com\/es\/\">\n\n\t\t\t\t\t\t\t\t\t\t\t<span class=\"elementor-icon-list-text\">Inicio<\/span>\n\t\t\t\t\t\t\t\t\t\t\t<\/a>\n\t\t\t\t\t\t\t\t\t<\/li>\n\t\t\t\t\t\t\t\t<li class=\"elementor-icon-list-item elementor-inline-item\">\n\t\t\t\t\t\t\t\t\t\t<span class=\"elementor-icon-list-text\"><\/span>\n\t\t\t\t\t\t\t\t\t<\/li>\n\t\t\t\t\t\t<\/ul>\n\t\t\t\t\t\t<\/div>\n\t\t\t\t<\/div>\n\t\t\t\t\t<\/div>\n\t\t<\/div>\n\t\t\t\t\t<\/div>\n\t\t<\/section>\n\t\t\t\t<section class=\"elementor-section elementor-top-section elementor-element elementor-element-1d2c950 elementor-section-boxed elementor-section-height-default elementor-section-height-default\" data-id=\"1d2c950\" data-element_type=\"section\" data-e-type=\"section\">\n\t\t\t\t\t\t<div class=\"elementor-container elementor-column-gap-default\">\n\t\t\t\t\t<div class=\"elementor-column elementor-col-100 elementor-top-column elementor-element elementor-element-dfb9723\" data-id=\"dfb9723\" data-element_type=\"column\" data-e-type=\"column\">\n\t\t\t<div class=\"elementor-widget-wrap elementor-element-populated\">\n\t\t\t\t\t\t<div class=\"elementor-element elementor-element-4562180 elementor-widget elementor-widget-text-editor\" data-id=\"4562180\" data-element_type=\"widget\" data-e-type=\"widget\" data-widget_type=\"text-editor.default\">\n\t\t\t\t<div class=\"elementor-widget-container\">\n\t\t\t\t\t\t\t\t\t<p><strong>\u00daltima actualizaci\u00f3n: 28\/10\/2024<\/strong><\/p>\n<p>Casas Costacalida valora la privacidad de sus usuarios y se compromete a proteger tus datos personales. En esta pol\u00edtica de privacidad, explicamos qu\u00e9 datos recogemos, por qu\u00e9 los recogemos y c\u00f3mo los tratamos. <\/p>\n<h3>1. Recogida de datos personales<\/h3>\n<p>Recogemos datos personales cuando visitas nuestro sitio web, utilizas nuestros servicios o te pones en contacto con nosotros a trav\u00e9s de los formularios de nuestro sitio web.<\/p>\n<p><strong>Datos que recogemos a trav\u00e9s de los formularios del sitio web:<\/strong><\/p>\n<ul>\n<li>Nombre<\/li>\n<li>Direcci\u00f3n de correo electr\u00f3nico<\/li>\n<li>N\u00famero de tel\u00e9fono<\/li>\n<li>Cualquier informaci\u00f3n adicional que t\u00fa mismo proporciones<\/li>\n<\/ul>\n<h3>2. Uso de Google Analytics y Google Search Console<\/h3>\n<p>Para mejorar nuestro sitio web, utilizamos Google Analytics y Google Search Console. Estos servicios analizan el tr\u00e1fico del sitio web y nos permiten saber c\u00f3mo lo utilizan los visitantes. Google Analytics utiliza \u00abcookies\u00bb para recopilar informaci\u00f3n sobre la actividad de los usuarios, como las p\u00e1ginas visitadas y el tiempo que un usuario permanece en una p\u00e1gina.  <\/p>\n<p><strong>Datos recogidos por Google Analytics:<\/strong><\/p>\n<ul>\n<li>Direcci\u00f3n IP (anonimizada)<\/li>\n<li>Detalles de la ubicaci\u00f3n (ciudad\/regi\u00f3n)<\/li>\n<li>P\u00e1ginas visitadas y duraci\u00f3n de las visitas<\/li>\n<li>Tipo de dispositivo, navegador y sistema operativo<\/li>\n<\/ul>\n<p><strong><br><\/strong><br>P<strong>or qu\u00e9 recopilamos estos datos:<\/strong>Utilizamos los datos recopilados a trav\u00e9s de Google Analytics y Google Search Console para optimizar nuestro sitio web y nuestras actividades de marketing. Estos datos son an\u00f3nimos y no pueden identificarse con visitantes individuales. <\/p>\n<h3>3. Objetivos de la recogida de datos<\/h3>\n<p>Utilizamos los datos recogidos para los siguientes fines:<\/p>\n<ul>\n<li>Para ponernos en contacto contigo en respuesta a preguntas o solicitudes que hayas enviado a trav\u00e9s de nuestros formularios.<\/li>\n<li>Para mejorar la experiencia del usuario y el rendimiento de nuestro sitio web.<\/li>\n<li>Para an\u00e1lisis estad\u00edsticos con el fin de adaptar mejor nuestras ofertas a nuestros usuarios.<\/li>\n<\/ul>\n<h3>4. Compartir datos personales<\/h3>\n<p>No compartimos tus datos con terceros a menos que sea necesario para la prestaci\u00f3n de nuestros servicios o para cumplir una obligaci\u00f3n legal.<\/p>\n<h3>5. Cookies<\/h3>\n<p>Nuestro sitio web utiliza cookies para recopilar informaci\u00f3n sobre la actividad de los visitantes. En el caso de Google Analytics, utilizamos cookies an\u00f3nimas para proporcionar un an\u00e1lisis estad\u00edstico del tr\u00e1fico del sitio web. Puedes desactivar el almacenamiento de cookies a trav\u00e9s de la configuraci\u00f3n de tu navegador, pero esto puede limitar la funcionalidad de nuestro sitio web.  <\/p>\n<h3>6. Seguridad de los datos<\/h3>\n<p>Tomamos las medidas adecuadas para proteger tus datos personales contra el acceso no autorizado, la p\u00e9rdida o el robo. Nuestro sitio web y nuestros servidores est\u00e1n protegidos con las \u00faltimas tecnolog\u00edas para garantizar la seguridad de tus datos. <\/p>\n<h3>7. Periodo de conservaci\u00f3n<\/h3>\n<p>No conservaremos tus datos m\u00e1s tiempo del necesario para los fines mencionados o seg\u00fan lo exija la ley.<\/p>\n<h3>8. Tus derechos<\/h3>\n<p>Tienes derecho a acceder a tus datos personales, corregirlos o eliminarlos. Adem\u00e1s, puedes oponerte al uso de tus datos con fines de marketing y tienes derecho a la portabilidad de datos. <\/p>\n<p>Para ejercer estos derechos, ponte en contacto con nosotros utilizando los datos de contacto que figuran a continuaci\u00f3n.<\/p>\n<h3>9. Cambios en la pol\u00edtica de privacidad<\/h3>\n<p>Esta pol\u00edtica de privacidad puede actualizarse para reflejar cambios en nuestro procesamiento de datos o en la legislaci\u00f3n pertinente. Te animamos a consultar nuestra pol\u00edtica de privacidad con regularidad. <\/p>\n<h3>10. Contacta con<\/h3>\n<p>Si tienes preguntas sobre esta pol\u00edtica de privacidad o sobre nuestro tratamiento de datos, ponte en contacto con nosotros en<\/p>\n<ul>\n<li>Correo electr\u00f3nico: <a rel=\"noopener\">info@casascostacalida.com<\/a><\/li>\n<li>Tel\u00e9fono: +316 21 27 14 14<\/li>\n<\/ul>\t\t\t\t\t\t\t\t<\/div>\n\t\t\t\t<\/div>\n\t\t\t\t\t<\/div>\n\t\t<\/div>\n\t\t\t\t\t<\/div>\n\t\t<\/section>\n\t\t\t\t<section class=\"elementor-section elementor-top-section elementor-element elementor-element-ffffea1 elementor-section-boxed elementor-section-height-default elementor-section-height-default\" data-id=\"ffffea1\" data-element_type=\"section\" data-e-type=\"section\" data-settings=\"{&quot;background_background&quot;:&quot;classic&quot;}\">\n\t\t\t\t\t\t\t<div class=\"elementor-background-overlay\"><\/div>\n\t\t\t\t\t\t\t<div class=\"elementor-container elementor-column-gap-default\">\n\t\t\t\t\t<div class=\"elementor-column elementor-col-100 elementor-top-column elementor-element elementor-element-5a10717\" data-id=\"5a10717\" data-element_type=\"column\" data-e-type=\"column\">\n\t\t\t<div class=\"elementor-widget-wrap elementor-element-populated\">\n\t\t\t\t\t\t<div class=\"elementor-element elementor-element-a969941 elementor-widget elementor-widget-heading\" data-id=\"a969941\" data-element_type=\"widget\" data-e-type=\"widget\" data-widget_type=\"heading.default\">\n\t\t\t\t<div class=\"elementor-widget-container\">\n\t\t\t\t\t<h2 class=\"elementor-heading-title elementor-size-default\">Disfruta de unas vacaciones perfectas<\/h2>\t\t\t\t<\/div>\n\t\t\t\t<\/div>\n\t\t\t\t<div class=\"elementor-element elementor-element-8d7b74f elementor-widget elementor-widget-text-editor\" data-id=\"8d7b74f\" data-element_type=\"widget\" data-e-type=\"widget\" data-widget_type=\"text-editor.default\">\n\t\t\t\t<div class=\"elementor-widget-container\">\n\t\t\t\t\t\t\t\t\t<p>Descubre nuestras preciosas casas de vacaciones y disfruta de unos d\u00edas inolvidables en Mazarr\u00f3n. Cada casa ofrece unas instalaciones \u00fanicas y una ubicaci\u00f3n ideal para una estancia relajante. <\/p>\n\t\t\t\t\t\t\t\t<\/div>\n\t\t\t\t<\/div>\n\t\t\t\t<div class=\"elementor-element elementor-element-23aa5a0 elementor-widget__width-auto elementor-mobile-align-justify elementor-widget-mobile__width-inherit elementor-widget elementor-widget-button\" data-id=\"23aa5a0\" data-element_type=\"widget\" data-e-type=\"widget\" data-widget_type=\"button.default\">\n\t\t\t\t<div class=\"elementor-widget-container\">\n\t\t\t\t\t\t\t\t\t<div class=\"elementor-button-wrapper\">\n\t\t\t\t\t<a class=\"elementor-button elementor-button-link elementor-size-md\" href=\"#\">\n\t\t\t\t\t\t<span class=\"elementor-button-content-wrapper\">\n\t\t\t\t\t\t\t\t\t<span class=\"elementor-button-text\">Ver tarifas<\/span>\n\t\t\t\t\t<\/span>\n\t\t\t\t\t<\/a>\n\t\t\t\t<\/div>\n\t\t\t\t\t\t\t\t<\/div>\n\t\t\t\t<\/div>\n\t\t\t\t<div class=\"elementor-element elementor-element-c4eb56d elementor-widget__width-auto elementor-mobile-align-justify elementor-widget-mobile__width-inherit elementor-widget elementor-widget-button\" data-id=\"c4eb56d\" data-element_type=\"widget\" data-e-type=\"widget\" data-widget_type=\"button.default\">\n\t\t\t\t<div class=\"elementor-widget-container\">\n\t\t\t\t\t\t\t\t\t<div class=\"elementor-button-wrapper\">\n\t\t\t\t\t<a class=\"elementor-button elementor-button-link elementor-size-md\" href=\"#\">\n\t\t\t\t\t\t<span class=\"elementor-button-content-wrapper\">\n\t\t\t\t\t\t\t\t\t<span class=\"elementor-button-text\">Reserva ahora<\/span>\n\t\t\t\t\t<\/span>\n\t\t\t\t\t<\/a>\n\t\t\t\t<\/div>\n\t\t\t\t\t\t\t\t<\/div>\n\t\t\t\t<\/div>\n\t\t\t\t\t<\/div>\n\t\t<\/div>\n\t\t\t\t\t<\/div>\n\t\t<\/section>\n\t\t\t\t<\/div>\n\t\t","protected":false},"excerpt":{"rendered":"<p>Inicio \u00daltima actualizaci\u00f3n: 28\/10\/2024 Casas Costacalida valora la privacidad de sus usuarios y se compromete a proteger tus datos personales. En esta pol\u00edtica de privacidad, explicamos qu\u00e9 datos recogemos, por qu\u00e9 los recogemos y c\u00f3mo los tratamos. 1. Recogida de datos personales Recogemos datos personales cuando visitas nuestro sitio web, utilizas nuestros servicios o te [&hellip;]<\/p>\n","protected":false},"author":1,"featured_media":0,"parent":0,"menu_order":0,"comment_status":"closed","ping_status":"closed","template":"","meta":{"footnotes":""},"class_list":["post-2992","page","type-page","status-publish","hentry"],"_links":{"self":[{"href":"https:\/\/casascostacalida.com\/es\/wp-json\/wp\/v2\/pages\/2992","targetHints":{"allow":["GET"]}}],"collection":[{"href":"https:\/\/casascostacalida.com\/es\/wp-json\/wp\/v2\/pages"}],"about":[{"href":"https:\/\/casascostacalida.com\/es\/wp-json\/wp\/v2\/types\/page"}],"author":[{"embeddable":true,"href":"https:\/\/casascostacalida.com\/es\/wp-json\/wp\/v2\/users\/1"}],"replies":[{"embeddable":true,"href":"https:\/\/casascostacalida.com\/es\/wp-json\/wp\/v2\/comments?post=2992"}],"version-history":[{"count":1,"href":"https:\/\/casascostacalida.com\/es\/wp-json\/wp\/v2\/pages\/2992\/revisions"}],"predecessor-version":[{"id":2993,"href":"https:\/\/casascostacalida.com\/es\/wp-json\/wp\/v2\/pages\/2992\/revisions\/2993"}],"wp:attachment":[{"href":"https:\/\/casascostacalida.com\/es\/wp-json\/wp\/v2\/media?parent=2992"}],"curies":[{"name":"wp","href":"https:\/\/api.w.org\/{rel}","templated":true}]}}