{"id":4457,"date":"2025-04-30T13:27:04","date_gmt":"2025-04-30T11:27:04","guid":{"rendered":"https:\/\/casascostacalida.com\/mazarron\/"},"modified":"2025-05-28T13:52:46","modified_gmt":"2025-05-28T11:52:46","slug":"mazarron","status":"publish","type":"page","link":"https:\/\/casascostacalida.com\/en\/mazarron\/","title":{"rendered":"Mazarr\u00f3n"},"content":{"rendered":"\t\t<div data-elementor-type=\"wp-page\" data-elementor-id=\"4457\" class=\"elementor elementor-4457 elementor-4454\" data-elementor-post-type=\"page\">\n\t\t\t\t\t\t<section class=\"elementor-section elementor-top-section elementor-element elementor-element-45dc912e elementor-section-boxed elementor-section-height-default elementor-section-height-default\" data-id=\"45dc912e\" data-element_type=\"section\" data-e-type=\"section\" data-settings=\"{&quot;background_background&quot;:&quot;classic&quot;}\">\n\t\t\t\t\t\t\t<div class=\"elementor-background-overlay\"><\/div>\n\t\t\t\t\t\t\t<div class=\"elementor-container elementor-column-gap-default\">\n\t\t\t\t\t<div class=\"elementor-column elementor-col-100 elementor-top-column elementor-element elementor-element-1bba936\" data-id=\"1bba936\" data-element_type=\"column\" data-e-type=\"column\">\n\t\t\t<div class=\"elementor-widget-wrap elementor-element-populated\">\n\t\t\t\t\t\t\t<\/div>\n\t\t<\/div>\n\t\t\t\t\t<\/div>\n\t\t<\/section>\n\t\t\t\t<section class=\"elementor-section elementor-top-section elementor-element elementor-element-7aab7bbd elementor-section-boxed elementor-section-height-default elementor-section-height-default\" data-id=\"7aab7bbd\" data-element_type=\"section\" data-e-type=\"section\">\n\t\t\t\t\t\t<div class=\"elementor-container elementor-column-gap-default\">\n\t\t\t\t\t<div class=\"elementor-column elementor-col-100 elementor-top-column elementor-element elementor-element-3c04113\" data-id=\"3c04113\" data-element_type=\"column\" data-e-type=\"column\">\n\t\t\t<div class=\"elementor-widget-wrap elementor-element-populated\">\n\t\t\t\t\t\t<div class=\"elementor-element elementor-element-4a22137e elementor-widget elementor-widget-text-editor\" data-id=\"4a22137e\" data-element_type=\"widget\" data-e-type=\"widget\" data-widget_type=\"text-editor.default\">\n\t\t\t\t<div class=\"elementor-widget-container\">\n\t\t\t\t\t\t\t\t\t<h2>Mazarr\u00f3n<b><\/b><\/h2><p>Located on the sunny Costa C\u00e1lida in the region of Murcia, Mazarr\u00f3n is a gem for lovers of sun, sea and culture. With more than 35 kilometers of pristine coastline, Mazarr\u00f3n offers beautiful beaches, picturesque coves and crystal clear waters, perfect for swimming, snorkeling or just relaxing. <\/p><p>Besides the many beaches, you will also find plenty of history, from ruins from Roman times to colorful rock formations such as the <i>Gredas de Bolnuevo<\/i>. The cozy port of Puerto de Mazarr\u00f3n is highly recommended, with a pleasant promenade, many restaurants and local markets. <\/p><p>This area is also a paradise for nature lovers with beautiful hiking trails through the nearby Sierra de las Moreras Mountains.<span class=\"Apple-converted-space\"> <\/span><\/p><p>Mazarr\u00f3n, the ideal destination for those looking for a combination of sun, tranquility, nature and authentic Spanish life.<\/p>\t\t\t\t\t\t\t\t<\/div>\n\t\t\t\t<\/div>\n\t\t\t\t<div class=\"elementor-element elementor-element-526515fa elementor-widget elementor-widget-gallery\" data-id=\"526515fa\" data-element_type=\"widget\" data-e-type=\"widget\" data-settings=\"{&quot;gallery_layout&quot;:&quot;masonry&quot;,&quot;columns_tablet&quot;:3,&quot;columns_mobile&quot;:2,&quot;gap&quot;:{&quot;unit&quot;:&quot;px&quot;,&quot;size&quot;:20,&quot;sizes&quot;:[]},&quot;columns&quot;:3,&quot;lazyload&quot;:&quot;yes&quot;,&quot;gap_tablet&quot;:{&quot;unit&quot;:&quot;px&quot;,&quot;size&quot;:10,&quot;sizes&quot;:[]},&quot;gap_mobile&quot;:{&quot;unit&quot;:&quot;px&quot;,&quot;size&quot;:10,&quot;sizes&quot;:[]},&quot;link_to&quot;:&quot;file&quot;,&quot;overlay_background&quot;:&quot;yes&quot;,&quot;content_hover_animation&quot;:&quot;fade-in&quot;}\" data-widget_type=\"gallery.default\">\n\t\t\t\t<div class=\"elementor-widget-container\">\n\t\t\t\t\t\t\t<div class=\"elementor-gallery__container\">\n\t\t\t\t\t\t\t<a class=\"e-gallery-item elementor-gallery-item elementor-animated-content\" href=\"https:\/\/casascostacalida.com\/wp-content\/uploads\/2025\/05\/Omgeving-9.jpg\" data-elementor-open-lightbox=\"yes\" data-elementor-lightbox-slideshow=\"526515fa\" data-elementor-lightbox-title=\"Omgeving 9\" data-e-action-hash=\"#elementor-action%3Aaction%3Dlightbox%26settings%3DeyJpZCI6NTE3MSwidXJsIjoiaHR0cHM6XC9cL2Nhc2FzY29zdGFjYWxpZGEuY29tXC93cC1jb250ZW50XC91cGxvYWRzXC8yMDI1XC8wNVwvT21nZXZpbmctOS5qcGciLCJzbGlkZXNob3ciOiI1MjY1MTVmYSJ9\">\n\t\t\t\t\t<div class=\"e-gallery-image elementor-gallery-item__image\" data-thumbnail=\"https:\/\/casascostacalida.com\/wp-content\/uploads\/2025\/05\/Omgeving-9.jpg\" data-width=\"1200\" data-height=\"797\" aria-label=\"\" role=\"img\" ><\/div>\n\t\t\t\t\t\t\t\t\t\t\t<div class=\"elementor-gallery-item__overlay\"><\/div>\n\t\t\t\t\t\t\t\t\t\t\t\t\t\t<\/a>\n\t\t\t\t\t\t\t<a class=\"e-gallery-item elementor-gallery-item elementor-animated-content\" href=\"https:\/\/casascostacalida.com\/wp-content\/uploads\/2025\/05\/Omgeving-10.jpg\" data-elementor-open-lightbox=\"yes\" data-elementor-lightbox-slideshow=\"526515fa\" data-elementor-lightbox-title=\"Omgeving 10\" data-e-action-hash=\"#elementor-action%3Aaction%3Dlightbox%26settings%3DeyJpZCI6NTE3NywidXJsIjoiaHR0cHM6XC9cL2Nhc2FzY29zdGFjYWxpZGEuY29tXC93cC1jb250ZW50XC91cGxvYWRzXC8yMDI1XC8wNVwvT21nZXZpbmctMTAuanBnIiwic2xpZGVzaG93IjoiNTI2NTE1ZmEifQ%3D%3D\">\n\t\t\t\t\t<div class=\"e-gallery-image elementor-gallery-item__image\" data-thumbnail=\"https:\/\/casascostacalida.com\/wp-content\/uploads\/2025\/05\/Omgeving-10.jpg\" data-width=\"1200\" data-height=\"797\" aria-label=\"\" role=\"img\" ><\/div>\n\t\t\t\t\t\t\t\t\t\t\t<div class=\"elementor-gallery-item__overlay\"><\/div>\n\t\t\t\t\t\t\t\t\t\t\t\t\t\t<\/a>\n\t\t\t\t\t\t\t<a class=\"e-gallery-item elementor-gallery-item elementor-animated-content\" href=\"https:\/\/casascostacalida.com\/wp-content\/uploads\/2025\/05\/Omgeving5.jpeg\" data-elementor-open-lightbox=\"yes\" data-elementor-lightbox-slideshow=\"526515fa\" data-elementor-lightbox-title=\"Omgeving5\" data-e-action-hash=\"#elementor-action%3Aaction%3Dlightbox%26settings%3DeyJpZCI6NTE4MywidXJsIjoiaHR0cHM6XC9cL2Nhc2FzY29zdGFjYWxpZGEuY29tXC93cC1jb250ZW50XC91cGxvYWRzXC8yMDI1XC8wNVwvT21nZXZpbmc1LmpwZWciLCJzbGlkZXNob3ciOiI1MjY1MTVmYSJ9\">\n\t\t\t\t\t<div class=\"e-gallery-image elementor-gallery-item__image\" data-thumbnail=\"https:\/\/casascostacalida.com\/wp-content\/uploads\/2025\/05\/Omgeving5.jpeg\" data-width=\"1200\" data-height=\"900\" aria-label=\"\" role=\"img\" ><\/div>\n\t\t\t\t\t\t\t\t\t\t\t<div class=\"elementor-gallery-item__overlay\"><\/div>\n\t\t\t\t\t\t\t\t\t\t\t\t\t\t<\/a>\n\t\t\t\t\t\t\t<a class=\"e-gallery-item elementor-gallery-item elementor-animated-content\" href=\"https:\/\/casascostacalida.com\/wp-content\/uploads\/2025\/05\/Omgeving6.jpeg\" data-elementor-open-lightbox=\"yes\" data-elementor-lightbox-slideshow=\"526515fa\" data-elementor-lightbox-title=\"Omgeving6\" data-e-action-hash=\"#elementor-action%3Aaction%3Dlightbox%26settings%3DeyJpZCI6NTE4OSwidXJsIjoiaHR0cHM6XC9cL2Nhc2FzY29zdGFjYWxpZGEuY29tXC93cC1jb250ZW50XC91cGxvYWRzXC8yMDI1XC8wNVwvT21nZXZpbmc2LmpwZWciLCJzbGlkZXNob3ciOiI1MjY1MTVmYSJ9\">\n\t\t\t\t\t<div class=\"e-gallery-image elementor-gallery-item__image\" data-thumbnail=\"https:\/\/casascostacalida.com\/wp-content\/uploads\/2025\/05\/Omgeving6.jpeg\" data-width=\"1200\" data-height=\"900\" aria-label=\"\" role=\"img\" ><\/div>\n\t\t\t\t\t\t\t\t\t\t\t<div class=\"elementor-gallery-item__overlay\"><\/div>\n\t\t\t\t\t\t\t\t\t\t\t\t\t\t<\/a>\n\t\t\t\t\t\t\t<a class=\"e-gallery-item elementor-gallery-item elementor-animated-content\" href=\"https:\/\/casascostacalida.com\/wp-content\/uploads\/2025\/05\/Strand-1.jpg\" data-elementor-open-lightbox=\"yes\" data-elementor-lightbox-slideshow=\"526515fa\" data-elementor-lightbox-title=\"Strand 1\" data-e-action-hash=\"#elementor-action%3Aaction%3Dlightbox%26settings%3DeyJpZCI6NTE5NSwidXJsIjoiaHR0cHM6XC9cL2Nhc2FzY29zdGFjYWxpZGEuY29tXC93cC1jb250ZW50XC91cGxvYWRzXC8yMDI1XC8wNVwvU3RyYW5kLTEuanBnIiwic2xpZGVzaG93IjoiNTI2NTE1ZmEifQ%3D%3D\">\n\t\t\t\t\t<div class=\"e-gallery-image elementor-gallery-item__image\" data-thumbnail=\"https:\/\/casascostacalida.com\/wp-content\/uploads\/2025\/05\/Strand-1.jpg\" data-width=\"1200\" data-height=\"797\" aria-label=\"\" role=\"img\" ><\/div>\n\t\t\t\t\t\t\t\t\t\t\t<div class=\"elementor-gallery-item__overlay\"><\/div>\n\t\t\t\t\t\t\t\t\t\t\t\t\t\t<\/a>\n\t\t\t\t\t\t\t<a class=\"e-gallery-item elementor-gallery-item elementor-animated-content\" href=\"https:\/\/casascostacalida.com\/wp-content\/uploads\/2025\/05\/Strand-4.jpg\" data-elementor-open-lightbox=\"yes\" data-elementor-lightbox-slideshow=\"526515fa\" data-elementor-lightbox-title=\"Strand 4\" data-e-action-hash=\"#elementor-action%3Aaction%3Dlightbox%26settings%3DeyJpZCI6NTIwMSwidXJsIjoiaHR0cHM6XC9cL2Nhc2FzY29zdGFjYWxpZGEuY29tXC93cC1jb250ZW50XC91cGxvYWRzXC8yMDI1XC8wNVwvU3RyYW5kLTQuanBnIiwic2xpZGVzaG93IjoiNTI2NTE1ZmEifQ%3D%3D\">\n\t\t\t\t\t<div class=\"e-gallery-image elementor-gallery-item__image\" data-thumbnail=\"https:\/\/casascostacalida.com\/wp-content\/uploads\/2025\/05\/Strand-4.jpg\" data-width=\"1200\" data-height=\"797\" aria-label=\"\" role=\"img\" ><\/div>\n\t\t\t\t\t\t\t\t\t\t\t<div class=\"elementor-gallery-item__overlay\"><\/div>\n\t\t\t\t\t\t\t\t\t\t\t\t\t\t<\/a>\n\t\t\t\t\t\t\t<a class=\"e-gallery-item elementor-gallery-item elementor-animated-content\" href=\"https:\/\/casascostacalida.com\/wp-content\/uploads\/2025\/05\/Strand-5.jpg\" data-elementor-open-lightbox=\"yes\" data-elementor-lightbox-slideshow=\"526515fa\" data-elementor-lightbox-title=\"Strand 5\" data-e-action-hash=\"#elementor-action%3Aaction%3Dlightbox%26settings%3DeyJpZCI6NTIwNywidXJsIjoiaHR0cHM6XC9cL2Nhc2FzY29zdGFjYWxpZGEuY29tXC93cC1jb250ZW50XC91cGxvYWRzXC8yMDI1XC8wNVwvU3RyYW5kLTUuanBnIiwic2xpZGVzaG93IjoiNTI2NTE1ZmEifQ%3D%3D\">\n\t\t\t\t\t<div class=\"e-gallery-image elementor-gallery-item__image\" data-thumbnail=\"https:\/\/casascostacalida.com\/wp-content\/uploads\/2025\/05\/Strand-5.jpg\" data-width=\"1200\" data-height=\"797\" aria-label=\"\" role=\"img\" ><\/div>\n\t\t\t\t\t\t\t\t\t\t\t<div class=\"elementor-gallery-item__overlay\"><\/div>\n\t\t\t\t\t\t\t\t\t\t\t\t\t\t<\/a>\n\t\t\t\t\t<\/div>\n\t\t\t\t\t<\/div>\n\t\t\t\t<\/div>\n\t\t\t\t<div class=\"elementor-element elementor-element-6434f0c elementor-widget elementor-widget-text-editor\" data-id=\"6434f0c\" data-element_type=\"widget\" data-e-type=\"widget\" data-widget_type=\"text-editor.default\">\n\t\t\t\t<div class=\"elementor-widget-container\">\n\t\t\t\t\t\t\t\t\t<h2>Mazarr\u00f3n Country Club<\/h2><p>Is a beautiful vacation destination in the sunny south of Spain, in the region of Murcia. This beautiful resort is located in the middle of a picturesque hilly landscape and just a short drive from the golden beaches of Puerto de Mazarr\u00f3n. Within a few minutes&#8217; walk at the country club you will find a cozy Spanish restaurant, large public pool (open from May to September) and tennis courts. The park also has a Spar supermarket with a large and varied assortment. Thanks to its wonderful climate, tranquility and comfort, Mazarr\u00f3n Country Club is the perfect place for a carefree vacation or extended stay during the winter period.    <\/p>\t\t\t\t\t\t\t\t<\/div>\n\t\t\t\t<\/div>\n\t\t\t\t<div class=\"elementor-element elementor-element-ee924a8 elementor-widget elementor-widget-gallery\" data-id=\"ee924a8\" data-element_type=\"widget\" data-e-type=\"widget\" data-settings=\"{&quot;gallery_layout&quot;:&quot;masonry&quot;,&quot;columns_tablet&quot;:3,&quot;columns_mobile&quot;:2,&quot;gap&quot;:{&quot;unit&quot;:&quot;px&quot;,&quot;size&quot;:20,&quot;sizes&quot;:[]},&quot;columns&quot;:3,&quot;lazyload&quot;:&quot;yes&quot;,&quot;gap_tablet&quot;:{&quot;unit&quot;:&quot;px&quot;,&quot;size&quot;:10,&quot;sizes&quot;:[]},&quot;gap_mobile&quot;:{&quot;unit&quot;:&quot;px&quot;,&quot;size&quot;:10,&quot;sizes&quot;:[]},&quot;link_to&quot;:&quot;file&quot;,&quot;overlay_background&quot;:&quot;yes&quot;,&quot;content_hover_animation&quot;:&quot;fade-in&quot;}\" data-widget_type=\"gallery.default\">\n\t\t\t\t<div class=\"elementor-widget-container\">\n\t\t\t\t\t\t\t<div class=\"elementor-gallery__container\">\n\t\t\t\t\t\t\t<a class=\"e-gallery-item elementor-gallery-item elementor-animated-content\" href=\"https:\/\/casascostacalida.com\/wp-content\/uploads\/2025\/05\/4.jpg\" data-elementor-open-lightbox=\"yes\" data-elementor-lightbox-slideshow=\"ee924a8\" data-elementor-lightbox-title=\"4\" data-e-action-hash=\"#elementor-action%3Aaction%3Dlightbox%26settings%3DeyJpZCI6NTIxMywidXJsIjoiaHR0cHM6XC9cL2Nhc2FzY29zdGFjYWxpZGEuY29tXC93cC1jb250ZW50XC91cGxvYWRzXC8yMDI1XC8wNVwvNC5qcGciLCJzbGlkZXNob3ciOiJlZTkyNGE4In0%3D\">\n\t\t\t\t\t<div class=\"e-gallery-image elementor-gallery-item__image\" data-thumbnail=\"https:\/\/casascostacalida.com\/wp-content\/uploads\/2025\/05\/4.jpg\" data-width=\"1200\" data-height=\"615\" aria-label=\"\" role=\"img\" ><\/div>\n\t\t\t\t\t\t\t\t\t\t\t<div class=\"elementor-gallery-item__overlay\"><\/div>\n\t\t\t\t\t\t\t\t\t\t\t\t\t\t<\/a>\n\t\t\t\t\t\t\t<a class=\"e-gallery-item elementor-gallery-item elementor-animated-content\" href=\"https:\/\/casascostacalida.com\/wp-content\/uploads\/2025\/05\/5.jpg\" data-elementor-open-lightbox=\"yes\" data-elementor-lightbox-slideshow=\"ee924a8\" data-elementor-lightbox-title=\"5\" data-e-action-hash=\"#elementor-action%3Aaction%3Dlightbox%26settings%3DeyJpZCI6NTIxOSwidXJsIjoiaHR0cHM6XC9cL2Nhc2FzY29zdGFjYWxpZGEuY29tXC93cC1jb250ZW50XC91cGxvYWRzXC8yMDI1XC8wNVwvNS5qcGciLCJzbGlkZXNob3ciOiJlZTkyNGE4In0%3D\">\n\t\t\t\t\t<div class=\"e-gallery-image elementor-gallery-item__image\" data-thumbnail=\"https:\/\/casascostacalida.com\/wp-content\/uploads\/2025\/05\/5.jpg\" data-width=\"1200\" data-height=\"621\" aria-label=\"\" role=\"img\" ><\/div>\n\t\t\t\t\t\t\t\t\t\t\t<div class=\"elementor-gallery-item__overlay\"><\/div>\n\t\t\t\t\t\t\t\t\t\t\t\t\t\t<\/a>\n\t\t\t\t\t\t\t<a class=\"e-gallery-item elementor-gallery-item elementor-animated-content\" href=\"https:\/\/casascostacalida.com\/wp-content\/uploads\/2025\/05\/Country-club.jpeg\" data-elementor-open-lightbox=\"yes\" data-elementor-lightbox-slideshow=\"ee924a8\" data-elementor-lightbox-title=\"Country club\" data-e-action-hash=\"#elementor-action%3Aaction%3Dlightbox%26settings%3DeyJpZCI6NTIyNSwidXJsIjoiaHR0cHM6XC9cL2Nhc2FzY29zdGFjYWxpZGEuY29tXC93cC1jb250ZW50XC91cGxvYWRzXC8yMDI1XC8wNVwvQ291bnRyeS1jbHViLmpwZWciLCJzbGlkZXNob3ciOiJlZTkyNGE4In0%3D\">\n\t\t\t\t\t<div class=\"e-gallery-image elementor-gallery-item__image\" data-thumbnail=\"https:\/\/casascostacalida.com\/wp-content\/uploads\/2025\/05\/Country-club.jpeg\" data-width=\"1200\" data-height=\"900\" aria-label=\"\" role=\"img\" ><\/div>\n\t\t\t\t\t\t\t\t\t\t\t<div class=\"elementor-gallery-item__overlay\"><\/div>\n\t\t\t\t\t\t\t\t\t\t\t\t\t\t<\/a>\n\t\t\t\t\t\t\t<a class=\"e-gallery-item elementor-gallery-item elementor-animated-content\" href=\"https:\/\/casascostacalida.com\/wp-content\/uploads\/2025\/05\/Park-1.jpg\" data-elementor-open-lightbox=\"yes\" data-elementor-lightbox-slideshow=\"ee924a8\" data-elementor-lightbox-title=\"Park 1\" data-e-action-hash=\"#elementor-action%3Aaction%3Dlightbox%26settings%3DeyJpZCI6NTIzMSwidXJsIjoiaHR0cHM6XC9cL2Nhc2FzY29zdGFjYWxpZGEuY29tXC93cC1jb250ZW50XC91cGxvYWRzXC8yMDI1XC8wNVwvUGFyay0xLmpwZyIsInNsaWRlc2hvdyI6ImVlOTI0YTgifQ%3D%3D\">\n\t\t\t\t\t<div class=\"e-gallery-image elementor-gallery-item__image\" data-thumbnail=\"https:\/\/casascostacalida.com\/wp-content\/uploads\/2025\/05\/Park-1.jpg\" data-width=\"1200\" data-height=\"797\" aria-label=\"\" role=\"img\" ><\/div>\n\t\t\t\t\t\t\t\t\t\t\t<div class=\"elementor-gallery-item__overlay\"><\/div>\n\t\t\t\t\t\t\t\t\t\t\t\t\t\t<\/a>\n\t\t\t\t\t\t\t<a class=\"e-gallery-item elementor-gallery-item elementor-animated-content\" href=\"https:\/\/casascostacalida.com\/wp-content\/uploads\/2025\/05\/Park-2.jpg\" data-elementor-open-lightbox=\"yes\" data-elementor-lightbox-slideshow=\"ee924a8\" data-elementor-lightbox-title=\"Park 2\" data-e-action-hash=\"#elementor-action%3Aaction%3Dlightbox%26settings%3DeyJpZCI6NTIzNywidXJsIjoiaHR0cHM6XC9cL2Nhc2FzY29zdGFjYWxpZGEuY29tXC93cC1jb250ZW50XC91cGxvYWRzXC8yMDI1XC8wNVwvUGFyay0yLmpwZyIsInNsaWRlc2hvdyI6ImVlOTI0YTgifQ%3D%3D\">\n\t\t\t\t\t<div class=\"e-gallery-image elementor-gallery-item__image\" data-thumbnail=\"https:\/\/casascostacalida.com\/wp-content\/uploads\/2025\/05\/Park-2.jpg\" data-width=\"1200\" data-height=\"797\" aria-label=\"\" role=\"img\" ><\/div>\n\t\t\t\t\t\t\t\t\t\t\t<div class=\"elementor-gallery-item__overlay\"><\/div>\n\t\t\t\t\t\t\t\t\t\t\t\t\t\t<\/a>\n\t\t\t\t\t\t\t<a class=\"e-gallery-item elementor-gallery-item elementor-animated-content\" href=\"https:\/\/casascostacalida.com\/wp-content\/uploads\/2025\/05\/Spar.jpeg\" data-elementor-open-lightbox=\"yes\" data-elementor-lightbox-slideshow=\"ee924a8\" data-elementor-lightbox-title=\"Spar\" data-e-action-hash=\"#elementor-action%3Aaction%3Dlightbox%26settings%3DeyJpZCI6NTI0MywidXJsIjoiaHR0cHM6XC9cL2Nhc2FzY29zdGFjYWxpZGEuY29tXC93cC1jb250ZW50XC91cGxvYWRzXC8yMDI1XC8wNVwvU3Bhci5qcGVnIiwic2xpZGVzaG93IjoiZWU5MjRhOCJ9\">\n\t\t\t\t\t<div class=\"e-gallery-image elementor-gallery-item__image\" data-thumbnail=\"https:\/\/casascostacalida.com\/wp-content\/uploads\/2025\/05\/Spar.jpeg\" data-width=\"1200\" data-height=\"977\" aria-label=\"\" role=\"img\" ><\/div>\n\t\t\t\t\t\t\t\t\t\t\t<div class=\"elementor-gallery-item__overlay\"><\/div>\n\t\t\t\t\t\t\t\t\t\t\t\t\t\t<\/a>\n\t\t\t\t\t\t\t<a class=\"e-gallery-item elementor-gallery-item elementor-animated-content\" href=\"https:\/\/casascostacalida.com\/wp-content\/uploads\/2025\/05\/Zwembad-1.jpg\" data-elementor-open-lightbox=\"yes\" data-elementor-lightbox-slideshow=\"ee924a8\" data-elementor-lightbox-title=\"Zwembad 1\" data-e-action-hash=\"#elementor-action%3Aaction%3Dlightbox%26settings%3DeyJpZCI6NTI0OSwidXJsIjoiaHR0cHM6XC9cL2Nhc2FzY29zdGFjYWxpZGEuY29tXC93cC1jb250ZW50XC91cGxvYWRzXC8yMDI1XC8wNVwvWndlbWJhZC0xLmpwZyIsInNsaWRlc2hvdyI6ImVlOTI0YTgifQ%3D%3D\">\n\t\t\t\t\t<div class=\"e-gallery-image elementor-gallery-item__image\" data-thumbnail=\"https:\/\/casascostacalida.com\/wp-content\/uploads\/2025\/05\/Zwembad-1.jpg\" data-width=\"1200\" data-height=\"797\" aria-label=\"\" role=\"img\" ><\/div>\n\t\t\t\t\t\t\t\t\t\t\t<div class=\"elementor-gallery-item__overlay\"><\/div>\n\t\t\t\t\t\t\t\t\t\t\t\t\t\t<\/a>\n\t\t\t\t\t\t\t<a class=\"e-gallery-item elementor-gallery-item elementor-animated-content\" href=\"https:\/\/casascostacalida.com\/wp-content\/uploads\/2025\/05\/Zwembad-2.jpg\" data-elementor-open-lightbox=\"yes\" data-elementor-lightbox-slideshow=\"ee924a8\" data-elementor-lightbox-title=\"Zwembad 2\" data-e-action-hash=\"#elementor-action%3Aaction%3Dlightbox%26settings%3DeyJpZCI6NTI1NSwidXJsIjoiaHR0cHM6XC9cL2Nhc2FzY29zdGFjYWxpZGEuY29tXC93cC1jb250ZW50XC91cGxvYWRzXC8yMDI1XC8wNVwvWndlbWJhZC0yLmpwZyIsInNsaWRlc2hvdyI6ImVlOTI0YTgifQ%3D%3D\">\n\t\t\t\t\t<div class=\"e-gallery-image elementor-gallery-item__image\" data-thumbnail=\"https:\/\/casascostacalida.com\/wp-content\/uploads\/2025\/05\/Zwembad-2.jpg\" data-width=\"1200\" data-height=\"797\" aria-label=\"\" role=\"img\" ><\/div>\n\t\t\t\t\t\t\t\t\t\t\t<div class=\"elementor-gallery-item__overlay\"><\/div>\n\t\t\t\t\t\t\t\t\t\t\t\t\t\t<\/a>\n\t\t\t\t\t<\/div>\n\t\t\t\t\t<\/div>\n\t\t\t\t<\/div>\n\t\t\t\t\t<\/div>\n\t\t<\/div>\n\t\t\t\t\t<\/div>\n\t\t<\/section>\n\t\t\t\t<section class=\"elementor-section elementor-top-section elementor-element elementor-element-4e858ed elementor-section-boxed elementor-section-height-default elementor-section-height-default\" data-id=\"4e858ed\" data-element_type=\"section\" data-e-type=\"section\" data-settings=\"{&quot;background_background&quot;:&quot;classic&quot;}\">\n\t\t\t\t\t\t\t<div class=\"elementor-background-overlay\"><\/div>\n\t\t\t\t\t\t\t<div class=\"elementor-container elementor-column-gap-default\">\n\t\t\t\t\t<div class=\"elementor-column elementor-col-100 elementor-top-column elementor-element elementor-element-37b8e68f\" data-id=\"37b8e68f\" data-element_type=\"column\" data-e-type=\"column\">\n\t\t\t<div class=\"elementor-widget-wrap elementor-element-populated\">\n\t\t\t\t\t\t<div class=\"elementor-element elementor-element-6eef06da elementor-widget elementor-widget-heading\" data-id=\"6eef06da\" data-element_type=\"widget\" data-e-type=\"widget\" data-widget_type=\"heading.default\">\n\t\t\t\t<div class=\"elementor-widget-container\">\n\t\t\t\t\t<h2 class=\"elementor-heading-title elementor-size-default\">Enjoy your perfect vacation<\/h2>\t\t\t\t<\/div>\n\t\t\t\t<\/div>\n\t\t\t\t<div class=\"elementor-element elementor-element-128e910c elementor-widget elementor-widget-text-editor\" data-id=\"128e910c\" data-element_type=\"widget\" data-e-type=\"widget\" data-widget_type=\"text-editor.default\">\n\t\t\t\t<div class=\"elementor-widget-container\">\n\t\t\t\t\t\t\t\t\t<p>Discover our beautiful vacation homes and enjoy an unforgettable time in Mazarr\u00f3n. Each house offers unique facilities and an ideal location for a relaxing stay. <\/p>\t\t\t\t\t\t\t\t<\/div>\n\t\t\t\t<\/div>\n\t\t\t\t<div class=\"elementor-element elementor-element-0e57ffb elementor-widget__width-auto elementor-mobile-align-justify elementor-widget-mobile__width-inherit elementor-widget elementor-widget-button\" data-id=\"0e57ffb\" data-element_type=\"widget\" data-e-type=\"widget\" data-widget_type=\"button.default\">\n\t\t\t\t<div class=\"elementor-widget-container\">\n\t\t\t\t\t\t\t\t\t<div class=\"elementor-button-wrapper\">\n\t\t\t\t\t<a class=\"elementor-button elementor-button-link elementor-size-md\" href=\"https:\/\/casascostacalida.com\/en\/vacation-rentals\/\">\n\t\t\t\t\t\t<span class=\"elementor-button-content-wrapper\">\n\t\t\t\t\t\t\t\t\t<span class=\"elementor-button-text\">View properties<\/span>\n\t\t\t\t\t<\/span>\n\t\t\t\t\t<\/a>\n\t\t\t\t<\/div>\n\t\t\t\t\t\t\t\t<\/div>\n\t\t\t\t<\/div>\n\t\t\t\t\t<\/div>\n\t\t<\/div>\n\t\t\t\t\t<\/div>\n\t\t<\/section>\n\t\t\t\t<\/div>\n\t\t","protected":false},"excerpt":{"rendered":"<p>Mazarr\u00f3n Located on the sunny Costa C\u00e1lida in the region of Murcia, Mazarr\u00f3n is a gem for lovers of sun, sea and culture. With more than 35 kilometers of pristine coastline, Mazarr\u00f3n offers beautiful beaches, picturesque coves and crystal clear waters, perfect for swimming, snorkeling or just relaxing. Besides the many beaches, you will also [&hellip;]<\/p>\n","protected":false},"author":1,"featured_media":0,"parent":0,"menu_order":0,"comment_status":"closed","ping_status":"closed","template":"","meta":{"footnotes":""},"class_list":["post-4457","page","type-page","status-publish","hentry"],"_links":{"self":[{"href":"https:\/\/casascostacalida.com\/en\/wp-json\/wp\/v2\/pages\/4457","targetHints":{"allow":["GET"]}}],"collection":[{"href":"https:\/\/casascostacalida.com\/en\/wp-json\/wp\/v2\/pages"}],"about":[{"href":"https:\/\/casascostacalida.com\/en\/wp-json\/wp\/v2\/types\/page"}],"author":[{"embeddable":true,"href":"https:\/\/casascostacalida.com\/en\/wp-json\/wp\/v2\/users\/1"}],"replies":[{"embeddable":true,"href":"https:\/\/casascostacalida.com\/en\/wp-json\/wp\/v2\/comments?post=4457"}],"version-history":[{"count":5,"href":"https:\/\/casascostacalida.com\/en\/wp-json\/wp\/v2\/pages\/4457\/revisions"}],"predecessor-version":[{"id":5668,"href":"https:\/\/casascostacalida.com\/en\/wp-json\/wp\/v2\/pages\/4457\/revisions\/5668"}],"wp:attachment":[{"href":"https:\/\/casascostacalida.com\/en\/wp-json\/wp\/v2\/media?parent=4457"}],"curies":[{"name":"wp","href":"https:\/\/api.w.org\/{rel}","templated":true}]}}