{"id":4479,"date":"2025-04-30T13:27:54","date_gmt":"2025-04-30T11:27:54","guid":{"rendered":"https:\/\/casascostacalida.com\/natur\/"},"modified":"2025-05-28T13:54:01","modified_gmt":"2025-05-28T11:54:01","slug":"natur","status":"publish","type":"page","link":"https:\/\/casascostacalida.com\/de\/natur\/","title":{"rendered":"Natur"},"content":{"rendered":"\t\t<div data-elementor-type=\"wp-page\" data-elementor-id=\"4479\" class=\"elementor elementor-4479 elementor-4470\" data-elementor-post-type=\"page\">\n\t\t\t\t\t\t<section class=\"elementor-section elementor-top-section elementor-element elementor-element-27f9187 elementor-section-boxed elementor-section-height-default elementor-section-height-default\" data-id=\"27f9187\" data-element_type=\"section\" data-e-type=\"section\" data-settings=\"{&quot;background_background&quot;:&quot;classic&quot;}\">\n\t\t\t\t\t\t\t<div class=\"elementor-background-overlay\"><\/div>\n\t\t\t\t\t\t\t<div class=\"elementor-container elementor-column-gap-default\">\n\t\t\t\t\t<div class=\"elementor-column elementor-col-100 elementor-top-column elementor-element elementor-element-12bffb1c\" data-id=\"12bffb1c\" data-element_type=\"column\" data-e-type=\"column\">\n\t\t\t<div class=\"elementor-widget-wrap elementor-element-populated\">\n\t\t\t\t\t\t\t<\/div>\n\t\t<\/div>\n\t\t\t\t\t<\/div>\n\t\t<\/section>\n\t\t\t\t<section class=\"elementor-section elementor-top-section elementor-element elementor-element-46c2a66c elementor-section-boxed elementor-section-height-default elementor-section-height-default\" data-id=\"46c2a66c\" data-element_type=\"section\" data-e-type=\"section\">\n\t\t\t\t\t\t<div class=\"elementor-container elementor-column-gap-default\">\n\t\t\t\t\t<div class=\"elementor-column elementor-col-100 elementor-top-column elementor-element elementor-element-f2d283a\" data-id=\"f2d283a\" data-element_type=\"column\" data-e-type=\"column\">\n\t\t\t<div class=\"elementor-widget-wrap elementor-element-populated\">\n\t\t\t\t\t\t<div class=\"elementor-element elementor-element-6808ead elementor-widget elementor-widget-text-editor\" data-id=\"6808ead\" data-element_type=\"widget\" data-e-type=\"widget\" data-widget_type=\"text-editor.default\">\n\t\t\t\t<div class=\"elementor-widget-container\">\n\t\t\t\t\t\t\t\t\t<h2>Sierra de Espu\u00f1a<\/h2><p>Naturliebhaber aufgepasst, die Sch\u00f6nheit des Naturparks Sierra de Espu\u00f1a ist auf jeden Fall einen Besuch wert. Die Gebirgskette in der N\u00e4he von Murcia bietet viele Wanderwege, von Pfaden f\u00fcr Anf\u00e4nger bis hin zu den schwierigeren. F\u00fcr kurze und lange Spazierg\u00e4nge.  <\/p><p>Eine Fahrt um die Bergkette ist ebenfalls sehr zu empfehlen. Die Ausblicke und Aussichten sind oft atemberaubend. Der h\u00f6chste Gipfel liegt auf 1583 Metern, wo es im Fr\u00fchjahr und Herbst bereits sehr kalt werden kann. Hier finden Sie die Pozos de la Nieve, das sind Schneeh\u00fctten aus dem 16. Jahrhundert. Einige dieser H\u00fctten wurden in ihren urspr\u00fcnglichen Zustand zur\u00fcckversetzt, von den \u00fcbrigen sind nur noch Ruinen \u00fcbrig. Dieses Naturschutzgebiet ist auch die Heimat von Berberschafen, die wie Ziegen oder Steinb\u00f6cke aussehen und aus dem Atlasgebirge in Afrika hierher gebracht wurden. In der N\u00e4he befindet sich auch das ehemalige Kloster Eulalia mit einem h\u00fcbschen Tapas-Restaurant, das von einem wundersch\u00f6nen Garten umgeben ist.      <\/p>\t\t\t\t\t\t\t\t<\/div>\n\t\t\t\t<\/div>\n\t\t\t\t<div class=\"elementor-element elementor-element-c4766d1 elementor-widget elementor-widget-gallery\" data-id=\"c4766d1\" data-element_type=\"widget\" data-e-type=\"widget\" data-settings=\"{&quot;gallery_layout&quot;:&quot;masonry&quot;,&quot;columns_tablet&quot;:3,&quot;columns_mobile&quot;:2,&quot;gap&quot;:{&quot;unit&quot;:&quot;px&quot;,&quot;size&quot;:20,&quot;sizes&quot;:[]},&quot;columns&quot;:3,&quot;lazyload&quot;:&quot;yes&quot;,&quot;gap_tablet&quot;:{&quot;unit&quot;:&quot;px&quot;,&quot;size&quot;:10,&quot;sizes&quot;:[]},&quot;gap_mobile&quot;:{&quot;unit&quot;:&quot;px&quot;,&quot;size&quot;:10,&quot;sizes&quot;:[]},&quot;link_to&quot;:&quot;file&quot;,&quot;overlay_background&quot;:&quot;yes&quot;,&quot;content_hover_animation&quot;:&quot;fade-in&quot;}\" data-widget_type=\"gallery.default\">\n\t\t\t\t<div class=\"elementor-widget-container\">\n\t\t\t\t\t\t\t<div class=\"elementor-gallery__container\">\n\t\t\t\t\t\t\t<a class=\"e-gallery-item elementor-gallery-item elementor-animated-content\" href=\"https:\/\/casascostacalida.com\/wp-content\/uploads\/2025\/05\/Strand-3.jpg\" data-elementor-open-lightbox=\"yes\" data-elementor-lightbox-slideshow=\"c4766d1\" data-elementor-lightbox-title=\"Strand 3\" data-e-action-hash=\"#elementor-action%3Aaction%3Dlightbox%26settings%3DeyJpZCI6NTEyNSwidXJsIjoiaHR0cHM6XC9cL2Nhc2FzY29zdGFjYWxpZGEuY29tXC93cC1jb250ZW50XC91cGxvYWRzXC8yMDI1XC8wNVwvU3RyYW5kLTMuanBnIiwic2xpZGVzaG93IjoiYzQ3NjZkMSJ9\">\n\t\t\t\t\t<div class=\"e-gallery-image elementor-gallery-item__image\" data-thumbnail=\"https:\/\/casascostacalida.com\/wp-content\/uploads\/2025\/05\/Strand-3.jpg\" data-width=\"1200\" data-height=\"797\" aria-label=\"\" role=\"img\" ><\/div>\n\t\t\t\t\t\t\t\t\t\t\t<div class=\"elementor-gallery-item__overlay\"><\/div>\n\t\t\t\t\t\t\t\t\t\t\t\t\t\t<\/a>\n\t\t\t\t\t\t\t<a class=\"e-gallery-item elementor-gallery-item elementor-animated-content\" href=\"https:\/\/casascostacalida.com\/wp-content\/uploads\/2025\/05\/atardecere-en-puerto-2.jpg\" data-elementor-open-lightbox=\"yes\" data-elementor-lightbox-slideshow=\"c4766d1\" data-elementor-lightbox-title=\"atardecere en puerto 2\" data-e-action-hash=\"#elementor-action%3Aaction%3Dlightbox%26settings%3DeyJpZCI6NTA4OSwidXJsIjoiaHR0cHM6XC9cL2Nhc2FzY29zdGFjYWxpZGEuY29tXC93cC1jb250ZW50XC91cGxvYWRzXC8yMDI1XC8wNVwvYXRhcmRlY2VyZS1lbi1wdWVydG8tMi5qcGciLCJzbGlkZXNob3ciOiJjNDc2NmQxIn0%3D\">\n\t\t\t\t\t<div class=\"e-gallery-image elementor-gallery-item__image\" data-thumbnail=\"https:\/\/casascostacalida.com\/wp-content\/uploads\/2025\/05\/atardecere-en-puerto-2.jpg\" data-width=\"1200\" data-height=\"800\" aria-label=\"\" role=\"img\" ><\/div>\n\t\t\t\t\t\t\t\t\t\t\t<div class=\"elementor-gallery-item__overlay\"><\/div>\n\t\t\t\t\t\t\t\t\t\t\t\t\t\t<\/a>\n\t\t\t\t\t\t\t<a class=\"e-gallery-item elementor-gallery-item elementor-animated-content\" href=\"https:\/\/casascostacalida.com\/wp-content\/uploads\/2025\/05\/1.jpg\" data-elementor-open-lightbox=\"yes\" data-elementor-lightbox-slideshow=\"c4766d1\" data-elementor-lightbox-title=\"1\" data-e-action-hash=\"#elementor-action%3Aaction%3Dlightbox%26settings%3DeyJpZCI6NTA2NSwidXJsIjoiaHR0cHM6XC9cL2Nhc2FzY29zdGFjYWxpZGEuY29tXC93cC1jb250ZW50XC91cGxvYWRzXC8yMDI1XC8wNVwvMS5qcGciLCJzbGlkZXNob3ciOiJjNDc2NmQxIn0%3D\">\n\t\t\t\t\t<div class=\"e-gallery-image elementor-gallery-item__image\" data-thumbnail=\"https:\/\/casascostacalida.com\/wp-content\/uploads\/2025\/05\/1.jpg\" data-width=\"1200\" data-height=\"685\" aria-label=\"\" role=\"img\" ><\/div>\n\t\t\t\t\t\t\t\t\t\t\t<div class=\"elementor-gallery-item__overlay\"><\/div>\n\t\t\t\t\t\t\t\t\t\t\t\t\t\t<\/a>\n\t\t\t\t\t\t\t<a class=\"e-gallery-item elementor-gallery-item elementor-animated-content\" href=\"https:\/\/casascostacalida.com\/wp-content\/uploads\/2025\/05\/Omgeving-2.jpg\" data-elementor-open-lightbox=\"yes\" data-elementor-lightbox-slideshow=\"c4766d1\" data-elementor-lightbox-title=\"Omgeving 2\" data-e-action-hash=\"#elementor-action%3Aaction%3Dlightbox%26settings%3DeyJpZCI6NTEwMSwidXJsIjoiaHR0cHM6XC9cL2Nhc2FzY29zdGFjYWxpZGEuY29tXC93cC1jb250ZW50XC91cGxvYWRzXC8yMDI1XC8wNVwvT21nZXZpbmctMi5qcGciLCJzbGlkZXNob3ciOiJjNDc2NmQxIn0%3D\">\n\t\t\t\t\t<div class=\"e-gallery-image elementor-gallery-item__image\" data-thumbnail=\"https:\/\/casascostacalida.com\/wp-content\/uploads\/2025\/05\/Omgeving-2.jpg\" data-width=\"1200\" data-height=\"1807\" aria-label=\"\" role=\"img\" ><\/div>\n\t\t\t\t\t\t\t\t\t\t\t<div class=\"elementor-gallery-item__overlay\"><\/div>\n\t\t\t\t\t\t\t\t\t\t\t\t\t\t<\/a>\n\t\t\t\t\t\t\t<a class=\"e-gallery-item elementor-gallery-item elementor-animated-content\" href=\"https:\/\/casascostacalida.com\/wp-content\/uploads\/2025\/05\/5-1.jpg\" data-elementor-open-lightbox=\"yes\" data-elementor-lightbox-slideshow=\"c4766d1\" data-elementor-lightbox-title=\"5\" data-e-action-hash=\"#elementor-action%3Aaction%3Dlightbox%26settings%3DeyJpZCI6NTM2NSwidXJsIjoiaHR0cHM6XC9cL2Nhc2FzY29zdGFjYWxpZGEuY29tXC93cC1jb250ZW50XC91cGxvYWRzXC8yMDI1XC8wNVwvNS0xLmpwZyIsInNsaWRlc2hvdyI6ImM0NzY2ZDEifQ%3D%3D\">\n\t\t\t\t\t<div class=\"e-gallery-image elementor-gallery-item__image\" data-thumbnail=\"https:\/\/casascostacalida.com\/wp-content\/uploads\/2025\/05\/5-1.jpg\" data-width=\"1881\" data-height=\"1127\" aria-label=\"\" role=\"img\" ><\/div>\n\t\t\t\t\t\t\t\t\t\t\t<div class=\"elementor-gallery-item__overlay\"><\/div>\n\t\t\t\t\t\t\t\t\t\t\t\t\t\t<\/a>\n\t\t\t\t\t\t\t<a class=\"e-gallery-item elementor-gallery-item elementor-animated-content\" href=\"https:\/\/casascostacalida.com\/wp-content\/uploads\/2025\/05\/13.jpg\" data-elementor-open-lightbox=\"yes\" data-elementor-lightbox-slideshow=\"c4766d1\" data-elementor-lightbox-title=\"13\" data-e-action-hash=\"#elementor-action%3Aaction%3Dlightbox%26settings%3DeyJpZCI6NTA4MywidXJsIjoiaHR0cHM6XC9cL2Nhc2FzY29zdGFjYWxpZGEuY29tXC93cC1jb250ZW50XC91cGxvYWRzXC8yMDI1XC8wNVwvMTMuanBnIiwic2xpZGVzaG93IjoiYzQ3NjZkMSJ9\">\n\t\t\t\t\t<div class=\"e-gallery-image elementor-gallery-item__image\" data-thumbnail=\"https:\/\/casascostacalida.com\/wp-content\/uploads\/2025\/05\/13.jpg\" data-width=\"1200\" data-height=\"1600\" aria-label=\"\" role=\"img\" ><\/div>\n\t\t\t\t\t\t\t\t\t\t\t<div class=\"elementor-gallery-item__overlay\"><\/div>\n\t\t\t\t\t\t\t\t\t\t\t\t\t\t<\/a>\n\t\t\t\t\t\t\t<a class=\"e-gallery-item elementor-gallery-item elementor-animated-content\" href=\"https:\/\/casascostacalida.com\/wp-content\/uploads\/2025\/05\/13-1.jpg\" data-elementor-open-lightbox=\"yes\" data-elementor-lightbox-slideshow=\"c4766d1\" data-elementor-lightbox-title=\"13\" data-e-action-hash=\"#elementor-action%3Aaction%3Dlightbox%26settings%3DeyJpZCI6NTM3MSwidXJsIjoiaHR0cHM6XC9cL2Nhc2FzY29zdGFjYWxpZGEuY29tXC93cC1jb250ZW50XC91cGxvYWRzXC8yMDI1XC8wNVwvMTMtMS5qcGciLCJzbGlkZXNob3ciOiJjNDc2NmQxIn0%3D\">\n\t\t\t\t\t<div class=\"e-gallery-image elementor-gallery-item__image\" data-thumbnail=\"https:\/\/casascostacalida.com\/wp-content\/uploads\/2025\/05\/13-1.jpg\" data-width=\"1914\" data-height=\"1024\" aria-label=\"\" role=\"img\" ><\/div>\n\t\t\t\t\t\t\t\t\t\t\t<div class=\"elementor-gallery-item__overlay\"><\/div>\n\t\t\t\t\t\t\t\t\t\t\t\t\t\t<\/a>\n\t\t\t\t\t\t\t<a class=\"e-gallery-item elementor-gallery-item elementor-animated-content\" href=\"https:\/\/casascostacalida.com\/wp-content\/uploads\/2025\/05\/6-1.jpg\" data-elementor-open-lightbox=\"yes\" data-elementor-lightbox-slideshow=\"c4766d1\" data-elementor-lightbox-title=\"6\" data-e-action-hash=\"#elementor-action%3Aaction%3Dlightbox%26settings%3DeyJpZCI6NTM4MywidXJsIjoiaHR0cHM6XC9cL2Nhc2FzY29zdGFjYWxpZGEuY29tXC93cC1jb250ZW50XC91cGxvYWRzXC8yMDI1XC8wNVwvNi0xLmpwZyIsInNsaWRlc2hvdyI6ImM0NzY2ZDEifQ%3D%3D\">\n\t\t\t\t\t<div class=\"e-gallery-image elementor-gallery-item__image\" data-thumbnail=\"https:\/\/casascostacalida.com\/wp-content\/uploads\/2025\/05\/6-1.jpg\" data-width=\"1728\" data-height=\"972\" aria-label=\"\" role=\"img\" ><\/div>\n\t\t\t\t\t\t\t\t\t\t\t<div class=\"elementor-gallery-item__overlay\"><\/div>\n\t\t\t\t\t\t\t\t\t\t\t\t\t\t<\/a>\n\t\t\t\t\t\t\t<a class=\"e-gallery-item elementor-gallery-item elementor-animated-content\" href=\"https:\/\/casascostacalida.com\/wp-content\/uploads\/2025\/05\/3.jpg\" data-elementor-open-lightbox=\"yes\" data-elementor-lightbox-slideshow=\"c4766d1\" data-elementor-lightbox-title=\"3\" data-e-action-hash=\"#elementor-action%3Aaction%3Dlightbox%26settings%3DeyJpZCI6NTA3NywidXJsIjoiaHR0cHM6XC9cL2Nhc2FzY29zdGFjYWxpZGEuY29tXC93cC1jb250ZW50XC91cGxvYWRzXC8yMDI1XC8wNVwvMy5qcGciLCJzbGlkZXNob3ciOiJjNDc2NmQxIn0%3D\">\n\t\t\t\t\t<div class=\"e-gallery-image elementor-gallery-item__image\" data-thumbnail=\"https:\/\/casascostacalida.com\/wp-content\/uploads\/2025\/05\/3.jpg\" data-width=\"1200\" data-height=\"654\" aria-label=\"\" role=\"img\" ><\/div>\n\t\t\t\t\t\t\t\t\t\t\t<div class=\"elementor-gallery-item__overlay\"><\/div>\n\t\t\t\t\t\t\t\t\t\t\t\t\t\t<\/a>\n\t\t\t\t\t\t\t<a class=\"e-gallery-item elementor-gallery-item elementor-animated-content\" href=\"https:\/\/casascostacalida.com\/wp-content\/uploads\/2025\/05\/11.jpg\" data-elementor-open-lightbox=\"yes\" data-elementor-lightbox-slideshow=\"c4766d1\" data-elementor-lightbox-title=\"11\" data-e-action-hash=\"#elementor-action%3Aaction%3Dlightbox%26settings%3DeyJpZCI6NTM3NywidXJsIjoiaHR0cHM6XC9cL2Nhc2FzY29zdGFjYWxpZGEuY29tXC93cC1jb250ZW50XC91cGxvYWRzXC8yMDI1XC8wNVwvMTEuanBnIiwic2xpZGVzaG93IjoiYzQ3NjZkMSJ9\">\n\t\t\t\t\t<div class=\"e-gallery-image elementor-gallery-item__image\" data-thumbnail=\"https:\/\/casascostacalida.com\/wp-content\/uploads\/2025\/05\/11.jpg\" data-width=\"1721\" data-height=\"857\" aria-label=\"\" role=\"img\" ><\/div>\n\t\t\t\t\t\t\t\t\t\t\t<div class=\"elementor-gallery-item__overlay\"><\/div>\n\t\t\t\t\t\t\t\t\t\t\t\t\t\t<\/a>\n\t\t\t\t\t\t\t<a class=\"e-gallery-item elementor-gallery-item elementor-animated-content\" href=\"https:\/\/casascostacalida.com\/wp-content\/uploads\/2025\/05\/Omgeving7.jpeg\" data-elementor-open-lightbox=\"yes\" data-elementor-lightbox-slideshow=\"c4766d1\" data-elementor-lightbox-title=\"Omgeving7\" data-e-action-hash=\"#elementor-action%3Aaction%3Dlightbox%26settings%3DeyJpZCI6NTEwNywidXJsIjoiaHR0cHM6XC9cL2Nhc2FzY29zdGFjYWxpZGEuY29tXC93cC1jb250ZW50XC91cGxvYWRzXC8yMDI1XC8wNVwvT21nZXZpbmc3LmpwZWciLCJzbGlkZXNob3ciOiJjNDc2NmQxIn0%3D\">\n\t\t\t\t\t<div class=\"e-gallery-image elementor-gallery-item__image\" data-thumbnail=\"https:\/\/casascostacalida.com\/wp-content\/uploads\/2025\/05\/Omgeving7.jpeg\" data-width=\"1200\" data-height=\"900\" aria-label=\"\" role=\"img\" ><\/div>\n\t\t\t\t\t\t\t\t\t\t\t<div class=\"elementor-gallery-item__overlay\"><\/div>\n\t\t\t\t\t\t\t\t\t\t\t\t\t\t<\/a>\n\t\t\t\t\t\t\t<a class=\"e-gallery-item elementor-gallery-item elementor-animated-content\" href=\"https:\/\/casascostacalida.com\/wp-content\/uploads\/2025\/05\/2.jpg\" data-elementor-open-lightbox=\"yes\" data-elementor-lightbox-slideshow=\"c4766d1\" data-elementor-lightbox-title=\"2\" data-e-action-hash=\"#elementor-action%3Aaction%3Dlightbox%26settings%3DeyJpZCI6NTA3MSwidXJsIjoiaHR0cHM6XC9cL2Nhc2FzY29zdGFjYWxpZGEuY29tXC93cC1jb250ZW50XC91cGxvYWRzXC8yMDI1XC8wNVwvMi5qcGciLCJzbGlkZXNob3ciOiJjNDc2NmQxIn0%3D\">\n\t\t\t\t\t<div class=\"e-gallery-image elementor-gallery-item__image\" data-thumbnail=\"https:\/\/casascostacalida.com\/wp-content\/uploads\/2025\/05\/2.jpg\" data-width=\"1200\" data-height=\"1078\" aria-label=\"\" role=\"img\" ><\/div>\n\t\t\t\t\t\t\t\t\t\t\t<div class=\"elementor-gallery-item__overlay\"><\/div>\n\t\t\t\t\t\t\t\t\t\t\t\t\t\t<\/a>\n\t\t\t\t\t\t\t<a class=\"e-gallery-item elementor-gallery-item elementor-animated-content\" href=\"https:\/\/casascostacalida.com\/wp-content\/uploads\/2025\/05\/Omgeving-1.jpg\" data-elementor-open-lightbox=\"yes\" data-elementor-lightbox-slideshow=\"c4766d1\" data-elementor-lightbox-title=\"Omgeving 1\" data-e-action-hash=\"#elementor-action%3Aaction%3Dlightbox%26settings%3DeyJpZCI6NTA5NSwidXJsIjoiaHR0cHM6XC9cL2Nhc2FzY29zdGFjYWxpZGEuY29tXC93cC1jb250ZW50XC91cGxvYWRzXC8yMDI1XC8wNVwvT21nZXZpbmctMS5qcGciLCJzbGlkZXNob3ciOiJjNDc2NmQxIn0%3D\">\n\t\t\t\t\t<div class=\"e-gallery-image elementor-gallery-item__image\" data-thumbnail=\"https:\/\/casascostacalida.com\/wp-content\/uploads\/2025\/05\/Omgeving-1.jpg\" data-width=\"1200\" data-height=\"797\" aria-label=\"\" role=\"img\" ><\/div>\n\t\t\t\t\t\t\t\t\t\t\t<div class=\"elementor-gallery-item__overlay\"><\/div>\n\t\t\t\t\t\t\t\t\t\t\t\t\t\t<\/a>\n\t\t\t\t\t\t\t<a class=\"e-gallery-item elementor-gallery-item elementor-animated-content\" href=\"https:\/\/casascostacalida.com\/wp-content\/uploads\/2025\/05\/playa-del-castellar-2.jpg\" data-elementor-open-lightbox=\"yes\" data-elementor-lightbox-slideshow=\"c4766d1\" data-elementor-lightbox-title=\"playa del castellar 2\" data-e-action-hash=\"#elementor-action%3Aaction%3Dlightbox%26settings%3DeyJpZCI6NTExOSwidXJsIjoiaHR0cHM6XC9cL2Nhc2FzY29zdGFjYWxpZGEuY29tXC93cC1jb250ZW50XC91cGxvYWRzXC8yMDI1XC8wNVwvcGxheWEtZGVsLWNhc3RlbGxhci0yLmpwZyIsInNsaWRlc2hvdyI6ImM0NzY2ZDEifQ%3D%3D\">\n\t\t\t\t\t<div class=\"e-gallery-image elementor-gallery-item__image\" data-thumbnail=\"https:\/\/casascostacalida.com\/wp-content\/uploads\/2025\/05\/playa-del-castellar-2.jpg\" data-width=\"1200\" data-height=\"800\" aria-label=\"\" role=\"img\" ><\/div>\n\t\t\t\t\t\t\t\t\t\t\t<div class=\"elementor-gallery-item__overlay\"><\/div>\n\t\t\t\t\t\t\t\t\t\t\t\t\t\t<\/a>\n\t\t\t\t\t\t\t<a class=\"e-gallery-item elementor-gallery-item elementor-animated-content\" href=\"https:\/\/casascostacalida.com\/wp-content\/uploads\/2025\/05\/piedra-mala-2.jpg\" data-elementor-open-lightbox=\"yes\" data-elementor-lightbox-slideshow=\"c4766d1\" data-elementor-lightbox-title=\"piedra mala 2\" data-e-action-hash=\"#elementor-action%3Aaction%3Dlightbox%26settings%3DeyJpZCI6NTExMywidXJsIjoiaHR0cHM6XC9cL2Nhc2FzY29zdGFjYWxpZGEuY29tXC93cC1jb250ZW50XC91cGxvYWRzXC8yMDI1XC8wNVwvcGllZHJhLW1hbGEtMi5qcGciLCJzbGlkZXNob3ciOiJjNDc2NmQxIn0%3D\">\n\t\t\t\t\t<div class=\"e-gallery-image elementor-gallery-item__image\" data-thumbnail=\"https:\/\/casascostacalida.com\/wp-content\/uploads\/2025\/05\/piedra-mala-2.jpg\" data-width=\"1200\" data-height=\"800\" aria-label=\"\" role=\"img\" ><\/div>\n\t\t\t\t\t\t\t\t\t\t\t<div class=\"elementor-gallery-item__overlay\"><\/div>\n\t\t\t\t\t\t\t\t\t\t\t\t\t\t<\/a>\n\t\t\t\t\t<\/div>\n\t\t\t\t\t<\/div>\n\t\t\t\t<\/div>\n\t\t\t\t\t<\/div>\n\t\t<\/div>\n\t\t\t\t\t<\/div>\n\t\t<\/section>\n\t\t\t\t<section class=\"elementor-section elementor-top-section elementor-element elementor-element-4f6ec333 elementor-section-boxed elementor-section-height-default elementor-section-height-default\" data-id=\"4f6ec333\" data-element_type=\"section\" data-e-type=\"section\" data-settings=\"{&quot;background_background&quot;:&quot;classic&quot;}\">\n\t\t\t\t\t\t\t<div class=\"elementor-background-overlay\"><\/div>\n\t\t\t\t\t\t\t<div class=\"elementor-container elementor-column-gap-default\">\n\t\t\t\t\t<div class=\"elementor-column elementor-col-100 elementor-top-column elementor-element elementor-element-a01e04a\" data-id=\"a01e04a\" data-element_type=\"column\" data-e-type=\"column\">\n\t\t\t<div class=\"elementor-widget-wrap elementor-element-populated\">\n\t\t\t\t\t\t<div class=\"elementor-element elementor-element-115ef786 elementor-widget elementor-widget-heading\" data-id=\"115ef786\" data-element_type=\"widget\" data-e-type=\"widget\" data-widget_type=\"heading.default\">\n\t\t\t\t<div class=\"elementor-widget-container\">\n\t\t\t\t\t<h2 class=\"elementor-heading-title elementor-size-default\">Genie\u00dfen Sie Ihren perfekten Urlaub<\/h2>\t\t\t\t<\/div>\n\t\t\t\t<\/div>\n\t\t\t\t<div class=\"elementor-element elementor-element-65c26443 elementor-widget elementor-widget-text-editor\" data-id=\"65c26443\" data-element_type=\"widget\" data-e-type=\"widget\" data-widget_type=\"text-editor.default\">\n\t\t\t\t<div class=\"elementor-widget-container\">\n\t\t\t\t\t\t\t\t\t<p>Entdecken Sie unsere sch\u00f6nen Ferienh\u00e4user und genie\u00dfen Sie eine unvergessliche Zeit in Mazarr\u00f3n. Jedes Haus bietet einzigartige Einrichtungen und eine ideale Lage f\u00fcr einen erholsamen Aufenthalt. <\/p>\t\t\t\t\t\t\t\t<\/div>\n\t\t\t\t<\/div>\n\t\t\t\t<div class=\"elementor-element elementor-element-3f09ccf elementor-widget__width-auto elementor-mobile-align-justify elementor-widget-mobile__width-inherit elementor-widget elementor-widget-button\" data-id=\"3f09ccf\" data-element_type=\"widget\" data-e-type=\"widget\" data-widget_type=\"button.default\">\n\t\t\t\t<div class=\"elementor-widget-container\">\n\t\t\t\t\t\t\t\t\t<div class=\"elementor-button-wrapper\">\n\t\t\t\t\t<a class=\"elementor-button elementor-button-link elementor-size-md\" href=\"https:\/\/casascostacalida.com\/de\/ferienhaeuser\/\">\n\t\t\t\t\t\t<span class=\"elementor-button-content-wrapper\">\n\t\t\t\t\t\t\t\t\t<span class=\"elementor-button-text\">Sehen Sie sich die Eigenschaften an<\/span>\n\t\t\t\t\t<\/span>\n\t\t\t\t\t<\/a>\n\t\t\t\t<\/div>\n\t\t\t\t\t\t\t\t<\/div>\n\t\t\t\t<\/div>\n\t\t\t\t\t<\/div>\n\t\t<\/div>\n\t\t\t\t\t<\/div>\n\t\t<\/section>\n\t\t\t\t<\/div>\n\t\t","protected":false},"excerpt":{"rendered":"<p>Sierra de Espu\u00f1a Naturliebhaber aufgepasst, die Sch\u00f6nheit des Naturparks Sierra de Espu\u00f1a ist auf jeden Fall einen Besuch wert. Die Gebirgskette in der N\u00e4he von Murcia bietet viele Wanderwege, von Pfaden f\u00fcr Anf\u00e4nger bis hin zu den schwierigeren. F\u00fcr kurze und lange Spazierg\u00e4nge. Eine Fahrt um die Bergkette ist ebenfalls sehr zu empfehlen. Die Ausblicke [&hellip;]<\/p>\n","protected":false},"author":1,"featured_media":0,"parent":0,"menu_order":0,"comment_status":"closed","ping_status":"closed","template":"","meta":{"footnotes":""},"class_list":["post-4479","page","type-page","status-publish","hentry"],"_links":{"self":[{"href":"https:\/\/casascostacalida.com\/de\/wp-json\/wp\/v2\/pages\/4479","targetHints":{"allow":["GET"]}}],"collection":[{"href":"https:\/\/casascostacalida.com\/de\/wp-json\/wp\/v2\/pages"}],"about":[{"href":"https:\/\/casascostacalida.com\/de\/wp-json\/wp\/v2\/types\/page"}],"author":[{"embeddable":true,"href":"https:\/\/casascostacalida.com\/de\/wp-json\/wp\/v2\/users\/1"}],"replies":[{"embeddable":true,"href":"https:\/\/casascostacalida.com\/de\/wp-json\/wp\/v2\/comments?post=4479"}],"version-history":[{"count":6,"href":"https:\/\/casascostacalida.com\/de\/wp-json\/wp\/v2\/pages\/4479\/revisions"}],"predecessor-version":[{"id":5691,"href":"https:\/\/casascostacalida.com\/de\/wp-json\/wp\/v2\/pages\/4479\/revisions\/5691"}],"wp:attachment":[{"href":"https:\/\/casascostacalida.com\/de\/wp-json\/wp\/v2\/media?parent=4479"}],"curies":[{"name":"wp","href":"https:\/\/api.w.org\/{rel}","templated":true}]}}