{"id":4467,"date":"2025-04-30T13:27:29","date_gmt":"2025-04-30T11:27:29","guid":{"rendered":"https:\/\/casascostacalida.com\/bolnuevo\/"},"modified":"2025-05-28T13:53:10","modified_gmt":"2025-05-28T11:53:10","slug":"bolnuevo","status":"publish","type":"page","link":"https:\/\/casascostacalida.com\/de\/bolnuevo\/","title":{"rendered":"Bolnuevo"},"content":{"rendered":"\t\t<div data-elementor-type=\"wp-page\" data-elementor-id=\"4467\" class=\"elementor elementor-4467 elementor-4461\" data-elementor-post-type=\"page\">\n\t\t\t\t\t\t<section class=\"elementor-section elementor-top-section elementor-element elementor-element-7b0f4b7e elementor-section-boxed elementor-section-height-default elementor-section-height-default\" data-id=\"7b0f4b7e\" data-element_type=\"section\" data-e-type=\"section\" data-settings=\"{&quot;background_background&quot;:&quot;classic&quot;}\">\n\t\t\t\t\t\t\t<div class=\"elementor-background-overlay\"><\/div>\n\t\t\t\t\t\t\t<div class=\"elementor-container elementor-column-gap-default\">\n\t\t\t\t\t<div class=\"elementor-column elementor-col-100 elementor-top-column elementor-element elementor-element-6058268b\" data-id=\"6058268b\" data-element_type=\"column\" data-e-type=\"column\">\n\t\t\t<div class=\"elementor-widget-wrap elementor-element-populated\">\n\t\t\t\t\t\t\t<\/div>\n\t\t<\/div>\n\t\t\t\t\t<\/div>\n\t\t<\/section>\n\t\t\t\t<section class=\"elementor-section elementor-top-section elementor-element elementor-element-33fb8f51 elementor-section-boxed elementor-section-height-default elementor-section-height-default\" data-id=\"33fb8f51\" data-element_type=\"section\" data-e-type=\"section\">\n\t\t\t\t\t\t<div class=\"elementor-container elementor-column-gap-default\">\n\t\t\t\t\t<div class=\"elementor-column elementor-col-100 elementor-top-column elementor-element elementor-element-524a9252\" data-id=\"524a9252\" data-element_type=\"column\" data-e-type=\"column\">\n\t\t\t<div class=\"elementor-widget-wrap elementor-element-populated\">\n\t\t\t\t\t\t<div class=\"elementor-element elementor-element-34f0aa00 elementor-widget elementor-widget-text-editor\" data-id=\"34f0aa00\" data-element_type=\"widget\" data-e-type=\"widget\" data-widget_type=\"text-editor.default\">\n\t\t\t\t<div class=\"elementor-widget-container\">\n\t\t\t\t\t\t\t\t\t<h2>Bolnuevo<\/h2><p>Bolnuevo ist ein nettes und gem\u00fctliches K\u00fcstenst\u00e4dtchen an der Costa C\u00e1lida in der Region Murcia.  <br>Bekannt f\u00fcr seine einzigartigen Sandsteinformationen ist dieses Gebiet auch als &#8218;Ciudad Encantada&#8216; oder &#8218;verzauberte Stadt&#8216; bekannt. Neben der wundersch\u00f6nen Natur finden Sie hier eine lange K\u00fcstenlinie mit ruhigen Str\u00e4nden und ausgezeichneten Wander- und Radwegen.  In einem Umkreis von 50 Metern um die Wohnung finden Sie unter anderem den \u00f6rtlichen Supermarkt, stimmungsvolle Restaurants, mehrere Terrassen und einen Fahrradverleih. Mit einem herrlichen mediterranen Klima und mehr als 300 Sonnentagen im Jahr ist Bolnuevo ein perfektes Ziel f\u00fcr Liebhaber von Sonne, Natur, Ruhe und Kultur. <\/p>\t\t\t\t\t\t\t\t<\/div>\n\t\t\t\t<\/div>\n\t\t\t\t<div class=\"elementor-element elementor-element-767ccc21 elementor-widget elementor-widget-gallery\" data-id=\"767ccc21\" data-element_type=\"widget\" data-e-type=\"widget\" data-settings=\"{&quot;gallery_layout&quot;:&quot;masonry&quot;,&quot;columns_tablet&quot;:3,&quot;columns_mobile&quot;:2,&quot;gap&quot;:{&quot;unit&quot;:&quot;px&quot;,&quot;size&quot;:20,&quot;sizes&quot;:[]},&quot;columns&quot;:3,&quot;lazyload&quot;:&quot;yes&quot;,&quot;gap_tablet&quot;:{&quot;unit&quot;:&quot;px&quot;,&quot;size&quot;:10,&quot;sizes&quot;:[]},&quot;gap_mobile&quot;:{&quot;unit&quot;:&quot;px&quot;,&quot;size&quot;:10,&quot;sizes&quot;:[]},&quot;link_to&quot;:&quot;file&quot;,&quot;overlay_background&quot;:&quot;yes&quot;,&quot;content_hover_animation&quot;:&quot;fade-in&quot;}\" data-widget_type=\"gallery.default\">\n\t\t\t\t<div class=\"elementor-widget-container\">\n\t\t\t\t\t\t\t<div class=\"elementor-gallery__container\">\n\t\t\t\t\t\t\t<a class=\"e-gallery-item elementor-gallery-item elementor-animated-content\" href=\"https:\/\/casascostacalida.com\/wp-content\/uploads\/2025\/05\/9.jpg\" data-elementor-open-lightbox=\"yes\" data-elementor-lightbox-slideshow=\"767ccc21\" data-elementor-lightbox-title=\"9\" data-e-action-hash=\"#elementor-action%3Aaction%3Dlightbox%26settings%3DeyJpZCI6NDk1OSwidXJsIjoiaHR0cHM6XC9cL2Nhc2FzY29zdGFjYWxpZGEuY29tXC93cC1jb250ZW50XC91cGxvYWRzXC8yMDI1XC8wNVwvOS5qcGciLCJzbGlkZXNob3ciOiI3NjdjY2MyMSJ9\">\n\t\t\t\t\t<div class=\"e-gallery-image elementor-gallery-item__image\" data-thumbnail=\"https:\/\/casascostacalida.com\/wp-content\/uploads\/2025\/05\/9.jpg\" data-width=\"1200\" data-height=\"1600\" aria-label=\"\" role=\"img\" ><\/div>\n\t\t\t\t\t\t\t\t\t\t\t<div class=\"elementor-gallery-item__overlay\"><\/div>\n\t\t\t\t\t\t\t\t\t\t\t\t\t\t<\/a>\n\t\t\t\t\t\t\t<a class=\"e-gallery-item elementor-gallery-item elementor-animated-content\" href=\"https:\/\/casascostacalida.com\/wp-content\/uploads\/2025\/05\/Bolnuevo.jpeg\" data-elementor-open-lightbox=\"yes\" data-elementor-lightbox-slideshow=\"767ccc21\" data-elementor-lightbox-title=\"Bolnuevo\" data-e-action-hash=\"#elementor-action%3Aaction%3Dlightbox%26settings%3DeyJpZCI6NDk2NSwidXJsIjoiaHR0cHM6XC9cL2Nhc2FzY29zdGFjYWxpZGEuY29tXC93cC1jb250ZW50XC91cGxvYWRzXC8yMDI1XC8wNVwvQm9sbnVldm8uanBlZyIsInNsaWRlc2hvdyI6Ijc2N2NjYzIxIn0%3D\">\n\t\t\t\t\t<div class=\"e-gallery-image elementor-gallery-item__image\" data-thumbnail=\"https:\/\/casascostacalida.com\/wp-content\/uploads\/2025\/05\/Bolnuevo.jpeg\" data-width=\"1200\" data-height=\"900\" aria-label=\"\" role=\"img\" ><\/div>\n\t\t\t\t\t\t\t\t\t\t\t<div class=\"elementor-gallery-item__overlay\"><\/div>\n\t\t\t\t\t\t\t\t\t\t\t\t\t\t<\/a>\n\t\t\t\t\t\t\t<a class=\"e-gallery-item elementor-gallery-item elementor-animated-content\" href=\"https:\/\/casascostacalida.com\/wp-content\/uploads\/2025\/05\/gredas-bolnuevo-3.jpg\" data-elementor-open-lightbox=\"yes\" data-elementor-lightbox-slideshow=\"767ccc21\" data-elementor-lightbox-title=\"gredas bolnuevo 3\" data-e-action-hash=\"#elementor-action%3Aaction%3Dlightbox%26settings%3DeyJpZCI6NDk3MSwidXJsIjoiaHR0cHM6XC9cL2Nhc2FzY29zdGFjYWxpZGEuY29tXC93cC1jb250ZW50XC91cGxvYWRzXC8yMDI1XC8wNVwvZ3JlZGFzLWJvbG51ZXZvLTMuanBnIiwic2xpZGVzaG93IjoiNzY3Y2NjMjEifQ%3D%3D\">\n\t\t\t\t\t<div class=\"e-gallery-image elementor-gallery-item__image\" data-thumbnail=\"https:\/\/casascostacalida.com\/wp-content\/uploads\/2025\/05\/gredas-bolnuevo-3.jpg\" data-width=\"1200\" data-height=\"800\" aria-label=\"\" role=\"img\" ><\/div>\n\t\t\t\t\t\t\t\t\t\t\t<div class=\"elementor-gallery-item__overlay\"><\/div>\n\t\t\t\t\t\t\t\t\t\t\t\t\t\t<\/a>\n\t\t\t\t\t\t\t<a class=\"e-gallery-item elementor-gallery-item elementor-animated-content\" href=\"https:\/\/casascostacalida.com\/wp-content\/uploads\/2025\/05\/playa-bolnuevo-3.jpg\" data-elementor-open-lightbox=\"yes\" data-elementor-lightbox-slideshow=\"767ccc21\" data-elementor-lightbox-title=\"playa bolnuevo 3\" data-e-action-hash=\"#elementor-action%3Aaction%3Dlightbox%26settings%3DeyJpZCI6NDk3NywidXJsIjoiaHR0cHM6XC9cL2Nhc2FzY29zdGFjYWxpZGEuY29tXC93cC1jb250ZW50XC91cGxvYWRzXC8yMDI1XC8wNVwvcGxheWEtYm9sbnVldm8tMy5qcGciLCJzbGlkZXNob3ciOiI3NjdjY2MyMSJ9\">\n\t\t\t\t\t<div class=\"e-gallery-image elementor-gallery-item__image\" data-thumbnail=\"https:\/\/casascostacalida.com\/wp-content\/uploads\/2025\/05\/playa-bolnuevo-3.jpg\" data-width=\"1200\" data-height=\"800\" aria-label=\"\" role=\"img\" ><\/div>\n\t\t\t\t\t\t\t\t\t\t\t<div class=\"elementor-gallery-item__overlay\"><\/div>\n\t\t\t\t\t\t\t\t\t\t\t\t\t\t<\/a>\n\t\t\t\t\t\t\t<a class=\"e-gallery-item elementor-gallery-item elementor-animated-content\" href=\"https:\/\/casascostacalida.com\/wp-content\/uploads\/2025\/05\/playa-bolnuevo-4.jpg\" data-elementor-open-lightbox=\"yes\" data-elementor-lightbox-slideshow=\"767ccc21\" data-elementor-lightbox-title=\"playa bolnuevo 4\" data-e-action-hash=\"#elementor-action%3Aaction%3Dlightbox%26settings%3DeyJpZCI6NDk4MywidXJsIjoiaHR0cHM6XC9cL2Nhc2FzY29zdGFjYWxpZGEuY29tXC93cC1jb250ZW50XC91cGxvYWRzXC8yMDI1XC8wNVwvcGxheWEtYm9sbnVldm8tNC5qcGciLCJzbGlkZXNob3ciOiI3NjdjY2MyMSJ9\">\n\t\t\t\t\t<div class=\"e-gallery-image elementor-gallery-item__image\" data-thumbnail=\"https:\/\/casascostacalida.com\/wp-content\/uploads\/2025\/05\/playa-bolnuevo-4.jpg\" data-width=\"1200\" data-height=\"800\" aria-label=\"\" role=\"img\" ><\/div>\n\t\t\t\t\t\t\t\t\t\t\t<div class=\"elementor-gallery-item__overlay\"><\/div>\n\t\t\t\t\t\t\t\t\t\t\t\t\t\t<\/a>\n\t\t\t\t\t\t\t<a class=\"e-gallery-item elementor-gallery-item elementor-animated-content\" href=\"https:\/\/casascostacalida.com\/wp-content\/uploads\/2025\/05\/rincon-de-bolnuevo-2.jpg\" data-elementor-open-lightbox=\"yes\" data-elementor-lightbox-slideshow=\"767ccc21\" data-elementor-lightbox-title=\"rincon de bolnuevo 2\" data-e-action-hash=\"#elementor-action%3Aaction%3Dlightbox%26settings%3DeyJpZCI6NDk4OSwidXJsIjoiaHR0cHM6XC9cL2Nhc2FzY29zdGFjYWxpZGEuY29tXC93cC1jb250ZW50XC91cGxvYWRzXC8yMDI1XC8wNVwvcmluY29uLWRlLWJvbG51ZXZvLTIuanBnIiwic2xpZGVzaG93IjoiNzY3Y2NjMjEifQ%3D%3D\">\n\t\t\t\t\t<div class=\"e-gallery-image elementor-gallery-item__image\" data-thumbnail=\"https:\/\/casascostacalida.com\/wp-content\/uploads\/2025\/05\/rincon-de-bolnuevo-2.jpg\" data-width=\"1200\" data-height=\"800\" aria-label=\"\" role=\"img\" ><\/div>\n\t\t\t\t\t\t\t\t\t\t\t<div class=\"elementor-gallery-item__overlay\"><\/div>\n\t\t\t\t\t\t\t\t\t\t\t\t\t\t<\/a>\n\t\t\t\t\t<\/div>\n\t\t\t\t\t<\/div>\n\t\t\t\t<\/div>\n\t\t\t\t\t<\/div>\n\t\t<\/div>\n\t\t\t\t\t<\/div>\n\t\t<\/section>\n\t\t\t\t<section class=\"elementor-section elementor-top-section elementor-element elementor-element-fe7a3 elementor-section-boxed elementor-section-height-default elementor-section-height-default\" data-id=\"fe7a3\" data-element_type=\"section\" data-e-type=\"section\" data-settings=\"{&quot;background_background&quot;:&quot;classic&quot;}\">\n\t\t\t\t\t\t\t<div class=\"elementor-background-overlay\"><\/div>\n\t\t\t\t\t\t\t<div class=\"elementor-container elementor-column-gap-default\">\n\t\t\t\t\t<div class=\"elementor-column elementor-col-100 elementor-top-column elementor-element elementor-element-548aaefc\" data-id=\"548aaefc\" data-element_type=\"column\" data-e-type=\"column\">\n\t\t\t<div class=\"elementor-widget-wrap elementor-element-populated\">\n\t\t\t\t\t\t<div class=\"elementor-element elementor-element-30520eb3 elementor-widget elementor-widget-heading\" data-id=\"30520eb3\" data-element_type=\"widget\" data-e-type=\"widget\" data-widget_type=\"heading.default\">\n\t\t\t\t<div class=\"elementor-widget-container\">\n\t\t\t\t\t<h2 class=\"elementor-heading-title elementor-size-default\">Genie\u00dfen Sie Ihren perfekten Urlaub<\/h2>\t\t\t\t<\/div>\n\t\t\t\t<\/div>\n\t\t\t\t<div class=\"elementor-element elementor-element-603eb001 elementor-widget elementor-widget-text-editor\" data-id=\"603eb001\" data-element_type=\"widget\" data-e-type=\"widget\" data-widget_type=\"text-editor.default\">\n\t\t\t\t<div class=\"elementor-widget-container\">\n\t\t\t\t\t\t\t\t\t<p>Entdecken Sie unsere sch\u00f6nen Ferienh\u00e4user und genie\u00dfen Sie eine unvergessliche Zeit in Mazarr\u00f3n. Jedes Haus bietet einzigartige Einrichtungen und eine ideale Lage f\u00fcr einen erholsamen Aufenthalt. <\/p>\t\t\t\t\t\t\t\t<\/div>\n\t\t\t\t<\/div>\n\t\t\t\t<div class=\"elementor-element elementor-element-5020d12 elementor-widget__width-auto elementor-mobile-align-justify elementor-widget-mobile__width-inherit elementor-widget elementor-widget-button\" data-id=\"5020d12\" data-element_type=\"widget\" data-e-type=\"widget\" data-widget_type=\"button.default\">\n\t\t\t\t<div class=\"elementor-widget-container\">\n\t\t\t\t\t\t\t\t\t<div class=\"elementor-button-wrapper\">\n\t\t\t\t\t<a class=\"elementor-button elementor-button-link elementor-size-md\" href=\"https:\/\/casascostacalida.com\/de\/ferienhaeuser\/\">\n\t\t\t\t\t\t<span class=\"elementor-button-content-wrapper\">\n\t\t\t\t\t\t\t\t\t<span class=\"elementor-button-text\">Sehen Sie sich die Eigenschaften an<\/span>\n\t\t\t\t\t<\/span>\n\t\t\t\t\t<\/a>\n\t\t\t\t<\/div>\n\t\t\t\t\t\t\t\t<\/div>\n\t\t\t\t<\/div>\n\t\t\t\t\t<\/div>\n\t\t<\/div>\n\t\t\t\t\t<\/div>\n\t\t<\/section>\n\t\t\t\t<\/div>\n\t\t","protected":false},"excerpt":{"rendered":"<p>Bolnuevo Bolnuevo ist ein nettes und gem\u00fctliches K\u00fcstenst\u00e4dtchen an der Costa C\u00e1lida in der Region Murcia. Bekannt f\u00fcr seine einzigartigen Sandsteinformationen ist dieses Gebiet auch als &#8218;Ciudad Encantada&#8216; oder &#8218;verzauberte Stadt&#8216; bekannt. Neben der wundersch\u00f6nen Natur finden Sie hier eine lange K\u00fcstenlinie mit ruhigen Str\u00e4nden und ausgezeichneten Wander- und Radwegen. In einem Umkreis von 50 [&hellip;]<\/p>\n","protected":false},"author":1,"featured_media":0,"parent":0,"menu_order":0,"comment_status":"closed","ping_status":"closed","template":"","meta":{"footnotes":""},"class_list":["post-4467","page","type-page","status-publish","hentry"],"_links":{"self":[{"href":"https:\/\/casascostacalida.com\/de\/wp-json\/wp\/v2\/pages\/4467","targetHints":{"allow":["GET"]}}],"collection":[{"href":"https:\/\/casascostacalida.com\/de\/wp-json\/wp\/v2\/pages"}],"about":[{"href":"https:\/\/casascostacalida.com\/de\/wp-json\/wp\/v2\/types\/page"}],"author":[{"embeddable":true,"href":"https:\/\/casascostacalida.com\/de\/wp-json\/wp\/v2\/users\/1"}],"replies":[{"embeddable":true,"href":"https:\/\/casascostacalida.com\/de\/wp-json\/wp\/v2\/comments?post=4467"}],"version-history":[{"count":4,"href":"https:\/\/casascostacalida.com\/de\/wp-json\/wp\/v2\/pages\/4467\/revisions"}],"predecessor-version":[{"id":5675,"href":"https:\/\/casascostacalida.com\/de\/wp-json\/wp\/v2\/pages\/4467\/revisions\/5675"}],"wp:attachment":[{"href":"https:\/\/casascostacalida.com\/de\/wp-json\/wp\/v2\/media?parent=4467"}],"curies":[{"name":"wp","href":"https:\/\/api.w.org\/{rel}","templated":true}]}}